{"id":35774,"date":"2021-06-15T15:30:32","date_gmt":"2021-06-15T19:30:32","guid":{"rendered":"https:\/\/www1.specialolympicsontario.com\/resources\/land-acknowledgements\/"},"modified":"2021-06-18T12:04:06","modified_gmt":"2021-06-18T16:04:06","slug":"land-acknowledgements","status":"publish","type":"page","link":"https:\/\/www1.specialolympicsontario.com\/resources\/fr\/land-acknowledgements\/","title":{"rendered":"Land Acknowledgements"},"content":{"rendered":"<div id=\"cs-content\" class=\"cs-content\"><\/div>\n","protected":false},"excerpt":{"rendered":"<p>Reconnaissances de territoireD\u00c9CLARATION DE RECONNAISSANCE DES TERRITOIRES TRADITIONNELS Nous reconnaissons que le bureau des Olympiques sp\u00e9ciaux Ontario est situ\u00e9 sur les territoires traditionnels des Hurons-Wendat, des Haudenosaunee et, plus r\u00e9cemment, la premi\u00e8re Nation des Mississaugas de Credit.\u00a0 Ces\u00a0territoires\u00a0sont\u00a0r\u00e9gis\u00a0par\u00a0l&#8217;entente\u00a0de la\u00a0ceinture\u00a0wampun\u00a0(\u00ab Dish with one spoon \u00bb)\u00a0\u00e9tablie\u00a0entre la\u00a0Conf\u00e9d\u00e9ration\u00a0Haudenosaunee\u00a0et\u00a0la\u00a0Conf\u00e9d\u00e9ration\u00a0Ojibway et des nations\u00a0alli\u00e9es.\u00a0 Ce\u00a0trait\u00e9\u00a0est\u00a0une\u00a0entente\u00a0visant\u00a0\u00e0\u00a0partager, \u00e0\u00a0travailler\u00a0et \u00e0\u00a0prot\u00e9ger\u00a0cette\u00a0terre\u00a0en\u00a0harmonie.\u00a0 Aujourd&#8217;hui, ce lieu de rencontre est toujours l&#8217;abrite de &#8230; <\/p>\n<div><a href=\"https:\/\/www1.specialolympicsontario.com\/resources\/fr\/land-acknowledgement\/comte-de-haldimand\/\" class=\"more-link\">Read More<\/a><\/div>\n","protected":false},"author":3,"featured_media":0,"parent":0,"menu_order":0,"comment_status":"closed","ping_status":"closed","template":"template-blank-4.php","meta":{"_acf_changed":false,"footnotes":""},"class_list":["post-35774","page","type-page","status-publish","hentry","no-post-thumbnail"],"acf":[],"_links":{"self":[{"href":"https:\/\/www1.specialolympicsontario.com\/resources\/fr\/wp-json\/wp\/v2\/pages\/35774","targetHints":{"allow":["GET"]}}],"collection":[{"href":"https:\/\/www1.specialolympicsontario.com\/resources\/fr\/wp-json\/wp\/v2\/pages"}],"about":[{"href":"https:\/\/www1.specialolympicsontario.com\/resources\/fr\/wp-json\/wp\/v2\/types\/page"}],"author":[{"embeddable":true,"href":"https:\/\/www1.specialolympicsontario.com\/resources\/fr\/wp-json\/wp\/v2\/users\/3"}],"replies":[{"embeddable":true,"href":"https:\/\/www1.specialolympicsontario.com\/resources\/fr\/wp-json\/wp\/v2\/comments?post=35774"}],"version-history":[{"count":0,"href":"https:\/\/www1.specialolympicsontario.com\/resources\/fr\/wp-json\/wp\/v2\/pages\/35774\/revisions"}],"wp:attachment":[{"href":"https:\/\/www1.specialolympicsontario.com\/resources\/fr\/wp-json\/wp\/v2\/media?parent=35774"}],"curies":[{"name":"wp","href":"https:\/\/api.w.org\/{rel}","templated":true}]}}