{"id":21529,"date":"2018-11-27T18:02:27","date_gmt":"2018-11-27T18:02:27","guid":{"rendered":"https:\/\/www1.specialolympicsontario.com\/resources\/sports\/athletics-trackandfield\/"},"modified":"2021-01-15T13:03:12","modified_gmt":"2021-01-15T18:03:12","slug":"athletics-trackandfield","status":"publish","type":"page","link":"https:\/\/www1.specialolympicsontario.com\/resources\/fr\/sports\/athletics-trackandfield\/","title":{"rendered":"Athletics (Track and Field)"},"content":{"rendered":"<div id=\"cs-content\" class=\"cs-content\"><\/div>\n","protected":false},"excerpt":{"rendered":"<p>&nbsp;Athl&eacute;tismeLe sport de l&#8217;athl\u00e9tisme encourage les athl\u00e8tes de tous \u00e2ges et de toutes capacit\u00e9s \u00e0 concourir \u00e0 leur niveau optimal. Gr\u00e2ce au programme d&#8217;entra\u00eenement d&#8217;athl\u00e9tisme, les participants peuvent acqu\u00e9rir une forme physique totale leur permettant de participer \u00e0 des comp\u00e9titions dans n&#8217;importe quel sport. Ratios athl\u00e8te\/entra\u00eeneur Les ratios sont des exigences minimales entre les athl\u00e8tes et les entra\u00eeneurs, non seulement &#8230; <\/p>\n<div><a href=\"https:\/\/www1.specialolympicsontario.com\/resources\/fr\/sports\/athletics-trackandfield\/\" class=\"more-link\">Read More<\/a><\/div>\n","protected":false},"author":142,"featured_media":0,"parent":15571,"menu_order":0,"comment_status":"closed","ping_status":"closed","template":"template-blank-4.php","meta":{"_acf_changed":false,"footnotes":""},"class_list":["post-21529","page","type-page","status-publish","hentry","no-post-thumbnail"],"acf":[],"_links":{"self":[{"href":"https:\/\/www1.specialolympicsontario.com\/resources\/fr\/wp-json\/wp\/v2\/pages\/21529","targetHints":{"allow":["GET"]}}],"collection":[{"href":"https:\/\/www1.specialolympicsontario.com\/resources\/fr\/wp-json\/wp\/v2\/pages"}],"about":[{"href":"https:\/\/www1.specialolympicsontario.com\/resources\/fr\/wp-json\/wp\/v2\/types\/page"}],"author":[{"embeddable":true,"href":"https:\/\/www1.specialolympicsontario.com\/resources\/fr\/wp-json\/wp\/v2\/users\/142"}],"replies":[{"embeddable":true,"href":"https:\/\/www1.specialolympicsontario.com\/resources\/fr\/wp-json\/wp\/v2\/comments?post=21529"}],"version-history":[{"count":0,"href":"https:\/\/www1.specialolympicsontario.com\/resources\/fr\/wp-json\/wp\/v2\/pages\/21529\/revisions"}],"up":[{"embeddable":true,"href":"https:\/\/www1.specialolympicsontario.com\/resources\/fr\/wp-json\/wp\/v2\/pages\/15571"}],"wp:attachment":[{"href":"https:\/\/www1.specialolympicsontario.com\/resources\/fr\/wp-json\/wp\/v2\/media?parent=21529"}],"curies":[{"name":"wp","href":"https:\/\/api.w.org\/{rel}","templated":true}]}}