{"id":20507,"date":"2018-11-19T17:16:08","date_gmt":"2018-11-19T22:16:08","guid":{"rendered":"https:\/\/www1.specialolympicsontario.com\/resources\/competitions\/currentgamecycle\/"},"modified":"2021-01-15T15:50:40","modified_gmt":"2021-01-15T20:50:40","slug":"currentgamecycle","status":"publish","type":"page","link":"https:\/\/www1.specialolympicsontario.com\/resources\/fr\/competitions\/currentgamecycle\/","title":{"rendered":"Cycle de jeu actuel"},"content":{"rendered":"<div id=\"cs-content\" class=\"cs-content\"><\/div>\n","protected":false},"excerpt":{"rendered":"<p>Current Games Cycle&nbsp; Saison Printemps \u00c9t\u00e9 Hiver Ann\u00e9e\/Sports 1o Quilles, Basket-ball, Dynamophilie, Gymnastique rhythmique, Natation. Athletisme, Boccia, Golf, Soccer, Balle-molle 5 Quilles, Ski alpin, Curling, Patinage artistique, Hockey int\u00e9rieur, Ski nordique, Raquette, Patinage de vitesse 2019202020212022Qualifications provincialesJeux provinciaux OSOPas de grands jeuxJeux nationaux d&#8217;\u00e9t\u00e9 OSCJeux internationaux SOI &#8211; Abu Dhabi, EAUQualifications provincialesJeux provinciaux OSOSOC National Summer GamesJeux provinciaux OSO &#8211; &#8230; <\/p>\n<div><a href=\"https:\/\/www1.specialolympicsontario.com\/resources\/fr\/competitions\/currentgamecycle\/\" class=\"more-link\">Read More<\/a><\/div>\n","protected":false},"author":14,"featured_media":0,"parent":16328,"menu_order":0,"comment_status":"closed","ping_status":"closed","template":"template-blank-4.php","meta":{"_acf_changed":false,"footnotes":""},"class_list":["post-20507","page","type-page","status-publish","hentry","no-post-thumbnail"],"acf":[],"_links":{"self":[{"href":"https:\/\/www1.specialolympicsontario.com\/resources\/fr\/wp-json\/wp\/v2\/pages\/20507","targetHints":{"allow":["GET"]}}],"collection":[{"href":"https:\/\/www1.specialolympicsontario.com\/resources\/fr\/wp-json\/wp\/v2\/pages"}],"about":[{"href":"https:\/\/www1.specialolympicsontario.com\/resources\/fr\/wp-json\/wp\/v2\/types\/page"}],"author":[{"embeddable":true,"href":"https:\/\/www1.specialolympicsontario.com\/resources\/fr\/wp-json\/wp\/v2\/users\/14"}],"replies":[{"embeddable":true,"href":"https:\/\/www1.specialolympicsontario.com\/resources\/fr\/wp-json\/wp\/v2\/comments?post=20507"}],"version-history":[{"count":0,"href":"https:\/\/www1.specialolympicsontario.com\/resources\/fr\/wp-json\/wp\/v2\/pages\/20507\/revisions"}],"up":[{"embeddable":true,"href":"https:\/\/www1.specialolympicsontario.com\/resources\/fr\/wp-json\/wp\/v2\/pages\/16328"}],"wp:attachment":[{"href":"https:\/\/www1.specialolympicsontario.com\/resources\/fr\/wp-json\/wp\/v2\/media?parent=20507"}],"curies":[{"name":"wp","href":"https:\/\/api.w.org\/{rel}","templated":true}]}}