{"id":20475,"date":"2018-12-18T17:37:31","date_gmt":"2018-12-18T17:37:31","guid":{"rendered":"https:\/\/www1.specialolympicsontario.com\/resources\/policies\/bylaws\/"},"modified":"2021-01-07T18:59:46","modified_gmt":"2021-01-07T23:59:46","slug":"bylaws","status":"publish","type":"page","link":"https:\/\/www1.specialolympicsontario.com\/resources\/fr\/policies\/bylaws\/","title":{"rendered":"Bylaws"},"content":{"rendered":"<div id=\"cs-content\" class=\"cs-content\"><\/div>\n","protected":false},"excerpt":{"rendered":"<p>R&egrave;glements administratifsCette section contient les r&egrave;glements administratifs de l&#8217;organisation. R\u00c8GLEMENT NO. 11 R\u00c8GLEMENT NO. 11 de OLYMPIQUES SP\u00c9CIAUX ONTARIO INC. (la \u00ab Soci\u00e9te \u00bb) Les r\u00e8glements 5 et 10 sont abrog\u00e9s dans leur int\u00e9gralit\u00e9 et remplac\u00e9s par le r\u00e8glement suivant : En vigueur depuis le 18 octobre 2006 Serment des Olympiques sp\u00e9ciaux : \u00ab Laissez-moi gagner, mais si je ne &#8230; <\/p>\n<div><a href=\"https:\/\/www1.specialolympicsontario.com\/resources\/fr\/policies\/bylaws\/\" class=\"more-link\">Read More<\/a><\/div>\n","protected":false},"author":14,"featured_media":0,"parent":15649,"menu_order":0,"comment_status":"closed","ping_status":"closed","template":"template-blank-4.php","meta":{"_acf_changed":false,"footnotes":""},"class_list":["post-20475","page","type-page","status-publish","hentry","no-post-thumbnail"],"acf":[],"_links":{"self":[{"href":"https:\/\/www1.specialolympicsontario.com\/resources\/fr\/wp-json\/wp\/v2\/pages\/20475","targetHints":{"allow":["GET"]}}],"collection":[{"href":"https:\/\/www1.specialolympicsontario.com\/resources\/fr\/wp-json\/wp\/v2\/pages"}],"about":[{"href":"https:\/\/www1.specialolympicsontario.com\/resources\/fr\/wp-json\/wp\/v2\/types\/page"}],"author":[{"embeddable":true,"href":"https:\/\/www1.specialolympicsontario.com\/resources\/fr\/wp-json\/wp\/v2\/users\/14"}],"replies":[{"embeddable":true,"href":"https:\/\/www1.specialolympicsontario.com\/resources\/fr\/wp-json\/wp\/v2\/comments?post=20475"}],"version-history":[{"count":0,"href":"https:\/\/www1.specialolympicsontario.com\/resources\/fr\/wp-json\/wp\/v2\/pages\/20475\/revisions"}],"up":[{"embeddable":true,"href":"https:\/\/www1.specialolympicsontario.com\/resources\/fr\/wp-json\/wp\/v2\/pages\/15649"}],"wp:attachment":[{"href":"https:\/\/www1.specialolympicsontario.com\/resources\/fr\/wp-json\/wp\/v2\/media?parent=20475"}],"curies":[{"name":"wp","href":"https:\/\/api.w.org\/{rel}","templated":true}]}}