{"id":20463,"date":"2018-10-17T14:22:34","date_gmt":"2018-10-17T18:22:34","guid":{"rendered":"https:\/\/www1.specialolympicsontario.com\/resources\/athletes\/athletes_rights_responsibilities\/"},"modified":"2021-01-15T15:39:00","modified_gmt":"2021-01-15T20:39:00","slug":"athletes_rights_responsibilities","status":"publish","type":"page","link":"https:\/\/www1.specialolympicsontario.com\/resources\/fr\/athletes\/athletes_rights_responsibilities\/","title":{"rendered":"Droits et responsabilit\u00e9s des athl\u00e8tes"},"content":{"rendered":"<div id=\"cs-content\" class=\"cs-content\"><\/div>\n","protected":false},"excerpt":{"rendered":"<p>Droits et responsabilit&eacute;s des athl&egrave;tesCette section explore les droits et les responsabilit&eacute;s des athl&egrave;tes d&#8217;Olympiques sp&eacute;ciaux, dans et par le sport. Droits et responsabilit\u00e9s DROITS ET RESPONSABILIT\u00c9S DES ATHL\u00c8TES J&#8217;ai le DROIT d&#8217;appartenir \u00e0 Olympiques sp\u00e9ciaux Ontario (OSO). Il est de ma RESPONSABILIT\u00c9 de respecter son serment et de me d\u00e9vouer \u00e0 mon sport et \u00e0 mon \u00e9quipe. J&#8217;ai le &#8230; <\/p>\n<div><a href=\"https:\/\/www1.specialolympicsontario.com\/resources\/fr\/appels-des-athletes\/\" class=\"more-link\">Read More<\/a><\/div>\n","protected":false},"author":14,"featured_media":0,"parent":15535,"menu_order":0,"comment_status":"closed","ping_status":"closed","template":"template-blank-4.php","meta":{"_acf_changed":false,"footnotes":""},"class_list":["post-20463","page","type-page","status-publish","hentry","no-post-thumbnail"],"acf":[],"_links":{"self":[{"href":"https:\/\/www1.specialolympicsontario.com\/resources\/fr\/wp-json\/wp\/v2\/pages\/20463","targetHints":{"allow":["GET"]}}],"collection":[{"href":"https:\/\/www1.specialolympicsontario.com\/resources\/fr\/wp-json\/wp\/v2\/pages"}],"about":[{"href":"https:\/\/www1.specialolympicsontario.com\/resources\/fr\/wp-json\/wp\/v2\/types\/page"}],"author":[{"embeddable":true,"href":"https:\/\/www1.specialolympicsontario.com\/resources\/fr\/wp-json\/wp\/v2\/users\/14"}],"replies":[{"embeddable":true,"href":"https:\/\/www1.specialolympicsontario.com\/resources\/fr\/wp-json\/wp\/v2\/comments?post=20463"}],"version-history":[{"count":0,"href":"https:\/\/www1.specialolympicsontario.com\/resources\/fr\/wp-json\/wp\/v2\/pages\/20463\/revisions"}],"up":[{"embeddable":true,"href":"https:\/\/www1.specialolympicsontario.com\/resources\/fr\/wp-json\/wp\/v2\/pages\/15535"}],"wp:attachment":[{"href":"https:\/\/www1.specialolympicsontario.com\/resources\/fr\/wp-json\/wp\/v2\/media?parent=20463"}],"curies":[{"name":"wp","href":"https:\/\/api.w.org\/{rel}","templated":true}]}}