{"id":17034,"date":"2018-11-27T18:04:15","date_gmt":"2018-11-27T18:04:15","guid":{"rendered":"https:\/\/www1.specialolympicsontario.com\/resources\/sports\/crosscountryskiing\/"},"modified":"2021-01-07T19:34:05","modified_gmt":"2021-01-08T00:34:05","slug":"crosscountryskiing","status":"publish","type":"page","link":"https:\/\/www1.specialolympicsontario.com\/resources\/fr\/sports\/crosscountryskiing\/","title":{"rendered":"Cross Country Skiing"},"content":{"rendered":"<div id=\"cs-content\" class=\"cs-content\"><\/div>\n","protected":false},"excerpt":{"rendered":"<p>&nbsp;Ski de fond&nbsp;&nbsp;Le ski de fond (commun&eacute;ment abr&eacute;g&eacute; ski XC) est un sport d&#8217;hiver dans lequel les participants se propulsent sur un terrain enneig&eacute; &agrave; l&#8217;aide de skis et de b&acirc;tons.Ratios athl\u00e8te\/entra\u00eeneur Les ratios sont des exigences minimums entre les athl\u00e8tes et les entra\u00eeneurs, non seulement pour les comp\u00e9titions de la Conf\u00e9rence, les Jeux provinciaux et nationaux, mais aussi pour &#8230; <\/p>\n<div><a href=\"https:\/\/www1.specialolympicsontario.com\/resources\/fr\/sports\/crosscountryskiing\/\" class=\"more-link\">Read More<\/a><\/div>\n","protected":false},"author":142,"featured_media":0,"parent":15571,"menu_order":0,"comment_status":"closed","ping_status":"closed","template":"template-blank-4.php","meta":{"_acf_changed":false,"footnotes":""},"class_list":["post-17034","page","type-page","status-publish","hentry","no-post-thumbnail"],"acf":[],"_links":{"self":[{"href":"https:\/\/www1.specialolympicsontario.com\/resources\/fr\/wp-json\/wp\/v2\/pages\/17034","targetHints":{"allow":["GET"]}}],"collection":[{"href":"https:\/\/www1.specialolympicsontario.com\/resources\/fr\/wp-json\/wp\/v2\/pages"}],"about":[{"href":"https:\/\/www1.specialolympicsontario.com\/resources\/fr\/wp-json\/wp\/v2\/types\/page"}],"author":[{"embeddable":true,"href":"https:\/\/www1.specialolympicsontario.com\/resources\/fr\/wp-json\/wp\/v2\/users\/142"}],"replies":[{"embeddable":true,"href":"https:\/\/www1.specialolympicsontario.com\/resources\/fr\/wp-json\/wp\/v2\/comments?post=17034"}],"version-history":[{"count":0,"href":"https:\/\/www1.specialolympicsontario.com\/resources\/fr\/wp-json\/wp\/v2\/pages\/17034\/revisions"}],"up":[{"embeddable":true,"href":"https:\/\/www1.specialolympicsontario.com\/resources\/fr\/wp-json\/wp\/v2\/pages\/15571"}],"wp:attachment":[{"href":"https:\/\/www1.specialolympicsontario.com\/resources\/fr\/wp-json\/wp\/v2\/media?parent=17034"}],"curies":[{"name":"wp","href":"https:\/\/api.w.org\/{rel}","templated":true}]}}