{"id":16382,"date":"2020-03-02T14:30:53","date_gmt":"2020-03-02T14:30:53","guid":{"rendered":"https:\/\/www1.specialolympicsontario.com\/resources\/sports\/cricket\/"},"modified":"2021-01-07T19:33:25","modified_gmt":"2021-01-08T00:33:25","slug":"cricket","status":"publish","type":"page","link":"https:\/\/www1.specialolympicsontario.com\/resources\/fr\/sports\/cricket\/","title":{"rendered":"Cricket"},"content":{"rendered":"<div id=\"cs-content\" class=\"cs-content\"><\/div>\n","protected":false},"excerpt":{"rendered":"<p>&nbsp;Cricket&nbsp;Statut sportif Le cricket est un sport de d\u00e9monstration d&#8217;Olympiques sp\u00e9ciaux Ontario. Toutes les comp\u00e9titions de criquet avec Olympiques sp\u00e9ciaux sont conformes aux r\u00e8gles d&#8217;ICC pour les matches \/ tournois unifi\u00e9s et traditionnels. Saison sportive\u00a0 La saison des comp\u00e9titions de cricket s&#8217;\u00e9tend de mai au ao\u00fbt en \u00e9t\u00e9 des s\u00e9ances d&#8217;entra\u00eenement se d\u00e9roulent toute l&#8217;ann\u00e9e. Ratios athl\u00e8tes-entra\u00eeneurs\u00a0 Le ratio est &#8230; <\/p>\n<div><a href=\"https:\/\/www1.specialolympicsontario.com\/resources\/fr\/sports\/cricket\/\" class=\"more-link\">Read More<\/a><\/div>\n","protected":false},"author":14,"featured_media":0,"parent":15571,"menu_order":0,"comment_status":"closed","ping_status":"closed","template":"template-blank-4.php","meta":{"_acf_changed":false,"footnotes":""},"class_list":["post-16382","page","type-page","status-publish","hentry","no-post-thumbnail"],"acf":[],"_links":{"self":[{"href":"https:\/\/www1.specialolympicsontario.com\/resources\/fr\/wp-json\/wp\/v2\/pages\/16382","targetHints":{"allow":["GET"]}}],"collection":[{"href":"https:\/\/www1.specialolympicsontario.com\/resources\/fr\/wp-json\/wp\/v2\/pages"}],"about":[{"href":"https:\/\/www1.specialolympicsontario.com\/resources\/fr\/wp-json\/wp\/v2\/types\/page"}],"author":[{"embeddable":true,"href":"https:\/\/www1.specialolympicsontario.com\/resources\/fr\/wp-json\/wp\/v2\/users\/14"}],"replies":[{"embeddable":true,"href":"https:\/\/www1.specialolympicsontario.com\/resources\/fr\/wp-json\/wp\/v2\/comments?post=16382"}],"version-history":[{"count":0,"href":"https:\/\/www1.specialolympicsontario.com\/resources\/fr\/wp-json\/wp\/v2\/pages\/16382\/revisions"}],"up":[{"embeddable":true,"href":"https:\/\/www1.specialolympicsontario.com\/resources\/fr\/wp-json\/wp\/v2\/pages\/15571"}],"wp:attachment":[{"href":"https:\/\/www1.specialolympicsontario.com\/resources\/fr\/wp-json\/wp\/v2\/media?parent=16382"}],"curies":[{"name":"wp","href":"https:\/\/api.w.org\/{rel}","templated":true}]}}