{"id":16377,"date":"2018-11-27T18:03:37","date_gmt":"2018-11-27T18:03:37","guid":{"rendered":"https:\/\/www1.specialolympicsontario.com\/resources\/sports\/bocce\/"},"modified":"2021-01-07T19:32:41","modified_gmt":"2021-01-08T00:32:41","slug":"bocce","status":"publish","type":"page","link":"https:\/\/www1.specialolympicsontario.com\/resources\/fr\/sports\/bocce\/","title":{"rendered":"Bocce"},"content":{"rendered":"<div id=\"cs-content\" class=\"cs-content\"><\/div>\n","protected":false},"excerpt":{"rendered":"<p>&nbsp;BocciaLa Boccia est un jeu italien. Le principe de base du sport est de faire rouler une boule de p&eacute;tanque la plus proche de la balle cible, qui s&#8217;appelle une palina.&nbsp;&nbsp;Ratios athl\u00e8te-entra\u00eeneur\u00a0 Les ratios correspondent aux exigences minimals de l&#8217;athl\u00e8te par rapport \u00e0 l&#8217;entra\u00eeneur non seulement pour les comp\u00e9titions de la conf\u00e9rence, les jeux provinciaux et nationaux, mais pour toutes &#8230; <\/p>\n<div><a href=\"https:\/\/www1.specialolympicsontario.com\/resources\/fr\/sports\/bocce\/\" class=\"more-link\">Read More<\/a><\/div>\n","protected":false},"author":142,"featured_media":0,"parent":15571,"menu_order":0,"comment_status":"closed","ping_status":"closed","template":"template-blank-4.php","meta":{"_acf_changed":false,"footnotes":""},"class_list":["post-16377","page","type-page","status-publish","hentry","no-post-thumbnail"],"acf":[],"_links":{"self":[{"href":"https:\/\/www1.specialolympicsontario.com\/resources\/fr\/wp-json\/wp\/v2\/pages\/16377","targetHints":{"allow":["GET"]}}],"collection":[{"href":"https:\/\/www1.specialolympicsontario.com\/resources\/fr\/wp-json\/wp\/v2\/pages"}],"about":[{"href":"https:\/\/www1.specialolympicsontario.com\/resources\/fr\/wp-json\/wp\/v2\/types\/page"}],"author":[{"embeddable":true,"href":"https:\/\/www1.specialolympicsontario.com\/resources\/fr\/wp-json\/wp\/v2\/users\/142"}],"replies":[{"embeddable":true,"href":"https:\/\/www1.specialolympicsontario.com\/resources\/fr\/wp-json\/wp\/v2\/comments?post=16377"}],"version-history":[{"count":0,"href":"https:\/\/www1.specialolympicsontario.com\/resources\/fr\/wp-json\/wp\/v2\/pages\/16377\/revisions"}],"up":[{"embeddable":true,"href":"https:\/\/www1.specialolympicsontario.com\/resources\/fr\/wp-json\/wp\/v2\/pages\/15571"}],"wp:attachment":[{"href":"https:\/\/www1.specialolympicsontario.com\/resources\/fr\/wp-json\/wp\/v2\/media?parent=16377"}],"curies":[{"name":"wp","href":"https:\/\/api.w.org\/{rel}","templated":true}]}}