{"id":16318,"date":"2018-12-10T15:20:41","date_gmt":"2018-12-10T15:20:41","guid":{"rendered":"https:\/\/www1.specialolympicsontario.com\/resources\/sports\/figureskating\/"},"modified":"2021-01-07T19:55:10","modified_gmt":"2021-01-08T00:55:10","slug":"figureskating","status":"publish","type":"page","link":"https:\/\/www1.specialolympicsontario.com\/resources\/fr\/sports\/figureskating\/","title":{"rendered":"Figure Skating"},"content":{"rendered":"<div id=\"cs-content\" class=\"cs-content\"><\/div>\n","protected":false},"excerpt":{"rendered":"<p>&nbsp;Patinage artistiqueLe patinage artistique est un sport dans lequel des individus, des couples ou des groupes effectuent des pirouettes, des sauts, des jeux de jambes et d&#8217;autres mouvements complexes et stimulants sur des patins &agrave; glace.Ratios entra\u00eeneur\/athl\u00e8te Les ratios correspondent aux exigences minimales athl\u00e8te-entra\u00eeneur non seulement pour les comp\u00e9titions de la Conf\u00e9rence, les Jeux provinciaux et nationaux, mais pour toutes &#8230; <\/p>\n<div><a href=\"https:\/\/www1.specialolympicsontario.com\/resources\/fr\/sports\/figureskating\/\" class=\"more-link\">Read More<\/a><\/div>\n","protected":false},"author":142,"featured_media":0,"parent":15571,"menu_order":0,"comment_status":"closed","ping_status":"closed","template":"template-blank-4.php","meta":{"_acf_changed":false,"footnotes":""},"class_list":["post-16318","page","type-page","status-publish","hentry","no-post-thumbnail"],"acf":[],"rttpg_featured_image_url":null,"rttpg_author":{"display_name":"","author_link":"https:\/\/www1.specialolympicsontario.com\/resources\/fr\/author\/"},"rttpg_comment":0,"rttpg_category":false,"rttpg_excerpt":"&nbsp;Patinage artistiqueLe patinage artistique est un sport dans lequel des individus, des couples ou des groupes effectuent des pirouettes, des sauts, des jeux de jambes et d'autres mouvements complexes et stimulants sur des patins &agrave; glace.Ratios entra\u00eeneur\/athl\u00e8te Les ratios correspondent aux exigences minimales athl\u00e8te-entra\u00eeneur non seulement pour les comp\u00e9titions de la Conf\u00e9rence, les Jeux provinciaux\u2026","_links":{"self":[{"href":"https:\/\/www1.specialolympicsontario.com\/resources\/fr\/wp-json\/wp\/v2\/pages\/16318","targetHints":{"allow":["GET"]}}],"collection":[{"href":"https:\/\/www1.specialolympicsontario.com\/resources\/fr\/wp-json\/wp\/v2\/pages"}],"about":[{"href":"https:\/\/www1.specialolympicsontario.com\/resources\/fr\/wp-json\/wp\/v2\/types\/page"}],"author":[{"embeddable":true,"href":"https:\/\/www1.specialolympicsontario.com\/resources\/fr\/wp-json\/wp\/v2\/users\/142"}],"replies":[{"embeddable":true,"href":"https:\/\/www1.specialolympicsontario.com\/resources\/fr\/wp-json\/wp\/v2\/comments?post=16318"}],"version-history":[{"count":0,"href":"https:\/\/www1.specialolympicsontario.com\/resources\/fr\/wp-json\/wp\/v2\/pages\/16318\/revisions"}],"up":[{"embeddable":true,"href":"https:\/\/www1.specialolympicsontario.com\/resources\/fr\/wp-json\/wp\/v2\/pages\/15571"}],"wp:attachment":[{"href":"https:\/\/www1.specialolympicsontario.com\/resources\/fr\/wp-json\/wp\/v2\/media?parent=16318"}],"curies":[{"name":"wp","href":"https:\/\/api.w.org\/{rel}","templated":true}]}}