{"id":16314,"date":"2018-11-19T17:20:07","date_gmt":"2018-11-19T22:20:07","guid":{"rendered":"https:\/\/www1.specialolympicsontario.com\/resources\/districtteammangermanual\/"},"modified":"2021-01-15T15:50:25","modified_gmt":"2021-01-15T20:50:25","slug":"districtteammangermanual","status":"publish","type":"page","link":"https:\/\/www1.specialolympicsontario.com\/resources\/fr\/competitions\/districtteammangermanual\/","title":{"rendered":"Manuel du g\u00e9rant de l&#8217;\u00e9quipe de district"},"content":{"rendered":"<div id=\"cs-content\" class=\"cs-content\"><\/div>\n","protected":false},"excerpt":{"rendered":"<p>Manuel du responsable d&#8217;&eacute;quipe de district Manuel du responsable d&#8217;\u00e9quipe de district (RED) District-Team-Manager-Manual&#8211; READ MORE Chef d&#8217;\u00e9quipe du district &#8211; Description du poste Chef d&#8217;\u00e9quipe du district &#8211; Description du poste Objectif: Veiller \u00e0 ce que les membres de l&#8217;\u00e9quipe de district vivent une exp\u00e9rience r\u00e9ussie et satisfaisante aux Jeux provinciaux. Qualifications et comp\u00e9tences minimales requises : Le chef &#8230; <\/p>\n<div><a href=\"https:\/\/www1.specialolympicsontario.com\/resources\/fr\/competitions\/districtteammangermanual\/\" class=\"more-link\">Read More<\/a><\/div>\n","protected":false},"author":14,"featured_media":0,"parent":16328,"menu_order":0,"comment_status":"closed","ping_status":"closed","template":"template-blank-4.php","meta":{"_acf_changed":false,"footnotes":""},"class_list":["post-16314","page","type-page","status-publish","hentry","no-post-thumbnail"],"acf":[],"_links":{"self":[{"href":"https:\/\/www1.specialolympicsontario.com\/resources\/fr\/wp-json\/wp\/v2\/pages\/16314","targetHints":{"allow":["GET"]}}],"collection":[{"href":"https:\/\/www1.specialolympicsontario.com\/resources\/fr\/wp-json\/wp\/v2\/pages"}],"about":[{"href":"https:\/\/www1.specialolympicsontario.com\/resources\/fr\/wp-json\/wp\/v2\/types\/page"}],"author":[{"embeddable":true,"href":"https:\/\/www1.specialolympicsontario.com\/resources\/fr\/wp-json\/wp\/v2\/users\/14"}],"replies":[{"embeddable":true,"href":"https:\/\/www1.specialolympicsontario.com\/resources\/fr\/wp-json\/wp\/v2\/comments?post=16314"}],"version-history":[{"count":0,"href":"https:\/\/www1.specialolympicsontario.com\/resources\/fr\/wp-json\/wp\/v2\/pages\/16314\/revisions"}],"up":[{"embeddable":true,"href":"https:\/\/www1.specialolympicsontario.com\/resources\/fr\/wp-json\/wp\/v2\/pages\/16328"}],"wp:attachment":[{"href":"https:\/\/www1.specialolympicsontario.com\/resources\/fr\/wp-json\/wp\/v2\/media?parent=16314"}],"curies":[{"name":"wp","href":"https:\/\/api.w.org\/{rel}","templated":true}]}}