{"id":16048,"date":"2019-01-09T17:26:01","date_gmt":"2019-01-09T17:26:01","guid":{"rendered":"https:\/\/www1.specialolympicsontario.com\/resources\/coachingpositions\/"},"modified":"2021-01-07T19:06:55","modified_gmt":"2021-01-08T00:06:55","slug":"coachingpositions","status":"publish","type":"page","link":"https:\/\/www1.specialolympicsontario.com\/resources\/fr\/volunteers\/coaching_roles\/coachingpositions\/","title":{"rendered":"Coaching Positions"},"content":{"rendered":"<div id=\"cs-content\" class=\"cs-content\"><\/div>\n","protected":false},"excerpt":{"rendered":"<p>Postes d&#8217;entra&icirc;neurs Filter by News TypeShow All Entra\u00eeneur adjoint &#8211; Description du poste Entra\u00eeneur adjoint Objectif Offrir une formation sportive et une pr\u00e9paration aux comp\u00e9titions aux athl\u00e8tes ayant une d\u00e9ficience intellectuelle. Qualifications D\u00e9sir de travailler avec des personnes ayant une d\u00e9ficience intellectuelle Une connaissance du sport et une certaine exp\u00e9rience de travail avec des athl\u00e8tes d&#8217;Olympiques sp\u00e9ciaux seraient un atout. &#8230; <\/p>\n<div><a href=\"https:\/\/www1.specialolympicsontario.com\/resources\/fr\/responsabilites-des-entraineurs\/\" class=\"more-link\">Read More<\/a><\/div>\n","protected":false},"author":14,"featured_media":0,"parent":20483,"menu_order":0,"comment_status":"closed","ping_status":"closed","template":"template-blank-4.php","meta":{"_acf_changed":false,"footnotes":""},"class_list":["post-16048","page","type-page","status-publish","hentry","no-post-thumbnail"],"acf":[],"_links":{"self":[{"href":"https:\/\/www1.specialolympicsontario.com\/resources\/fr\/wp-json\/wp\/v2\/pages\/16048","targetHints":{"allow":["GET"]}}],"collection":[{"href":"https:\/\/www1.specialolympicsontario.com\/resources\/fr\/wp-json\/wp\/v2\/pages"}],"about":[{"href":"https:\/\/www1.specialolympicsontario.com\/resources\/fr\/wp-json\/wp\/v2\/types\/page"}],"author":[{"embeddable":true,"href":"https:\/\/www1.specialolympicsontario.com\/resources\/fr\/wp-json\/wp\/v2\/users\/14"}],"replies":[{"embeddable":true,"href":"https:\/\/www1.specialolympicsontario.com\/resources\/fr\/wp-json\/wp\/v2\/comments?post=16048"}],"version-history":[{"count":0,"href":"https:\/\/www1.specialolympicsontario.com\/resources\/fr\/wp-json\/wp\/v2\/pages\/16048\/revisions"}],"up":[{"embeddable":true,"href":"https:\/\/www1.specialolympicsontario.com\/resources\/fr\/wp-json\/wp\/v2\/pages\/20483"}],"wp:attachment":[{"href":"https:\/\/www1.specialolympicsontario.com\/resources\/fr\/wp-json\/wp\/v2\/media?parent=16048"}],"curies":[{"name":"wp","href":"https:\/\/api.w.org\/{rel}","templated":true}]}}