{"id":16047,"date":"2018-11-19T17:56:35","date_gmt":"2018-11-19T22:56:35","guid":{"rendered":"https:\/\/www1.specialolympicsontario.com\/resources\/divisioning\/"},"modified":"2021-01-15T15:44:22","modified_gmt":"2021-01-15T20:44:22","slug":"divisioning","status":"publish","type":"page","link":"https:\/\/www1.specialolympicsontario.com\/resources\/fr\/competitions\/divisioning\/","title":{"rendered":"Divisions"},"content":{"rendered":"<div id=\"cs-content\" class=\"cs-content\"><\/div>\n","protected":false},"excerpt":{"rendered":"<p>DivisionsLa diff\u00e9rence fondamentale entre les comp\u00e9titions d&#8217;Olympiques sp\u00e9ciaux and ceux d&#8217;autres organisations sportives c&#8217;est que les athl\u00e8te de tous niveaux sont encourag\u00e9s de participer et chaque athl\u00e8te est reconnu pour sa comp\u00e9tence. Les comp\u00e9titions sont structur\u00e9es pour que les athl\u00e8tes s&#8217;affrontent avec les athl\u00e8tes d&#8217;aptitudes semblables en divisions \u00e9quitables. Les Olympiques sp&eacute;ciaux ont trois cat&eacute;gories principales de sports et chaque &#8230; <\/p>\n<div><a href=\"https:\/\/www1.specialolympicsontario.com\/resources\/fr\/competitions\/divisioning\/\" class=\"more-link\">Read More<\/a><\/div>\n","protected":false},"author":14,"featured_media":0,"parent":16328,"menu_order":0,"comment_status":"closed","ping_status":"closed","template":"template-blank-4.php","meta":{"_acf_changed":false,"footnotes":""},"class_list":["post-16047","page","type-page","status-publish","hentry","no-post-thumbnail"],"acf":[],"rttpg_featured_image_url":null,"rttpg_author":{"display_name":"Baraa Kulaib","author_link":"https:\/\/www1.specialolympicsontario.com\/resources\/fr\/author\/baraak\/"},"rttpg_comment":0,"rttpg_category":false,"rttpg_excerpt":"DivisionsLa diff\u00e9rence fondamentale entre les comp\u00e9titions d'Olympiques sp\u00e9ciaux and ceux d'autres organisations sportives c'est que les athl\u00e8te de tous niveaux sont encourag\u00e9s de participer et chaque athl\u00e8te est reconnu pour sa comp\u00e9tence. Les comp\u00e9titions sont structur\u00e9es pour que les athl\u00e8tes s'affrontent avec les athl\u00e8tes d'aptitudes semblables en divisions \u00e9quitables. Les Olympiques sp&eacute;ciaux ont trois cat&eacute;gories\u2026","_links":{"self":[{"href":"https:\/\/www1.specialolympicsontario.com\/resources\/fr\/wp-json\/wp\/v2\/pages\/16047","targetHints":{"allow":["GET"]}}],"collection":[{"href":"https:\/\/www1.specialolympicsontario.com\/resources\/fr\/wp-json\/wp\/v2\/pages"}],"about":[{"href":"https:\/\/www1.specialolympicsontario.com\/resources\/fr\/wp-json\/wp\/v2\/types\/page"}],"author":[{"embeddable":true,"href":"https:\/\/www1.specialolympicsontario.com\/resources\/fr\/wp-json\/wp\/v2\/users\/14"}],"replies":[{"embeddable":true,"href":"https:\/\/www1.specialolympicsontario.com\/resources\/fr\/wp-json\/wp\/v2\/comments?post=16047"}],"version-history":[{"count":0,"href":"https:\/\/www1.specialolympicsontario.com\/resources\/fr\/wp-json\/wp\/v2\/pages\/16047\/revisions"}],"up":[{"embeddable":true,"href":"https:\/\/www1.specialolympicsontario.com\/resources\/fr\/wp-json\/wp\/v2\/pages\/16328"}],"wp:attachment":[{"href":"https:\/\/www1.specialolympicsontario.com\/resources\/fr\/wp-json\/wp\/v2\/media?parent=16047"}],"curies":[{"name":"wp","href":"https:\/\/api.w.org\/{rel}","templated":true}]}}