{"id":16003,"date":"2018-12-10T15:23:00","date_gmt":"2018-12-10T15:23:00","guid":{"rendered":"https:\/\/www1.specialolympicsontario.com\/resources\/sports\/floorhockey\/"},"modified":"2020-11-20T17:41:52","modified_gmt":"2020-11-20T22:41:52","slug":"floorhockey","status":"publish","type":"page","link":"https:\/\/www1.specialolympicsontario.com\/resources\/fr\/sports\/floorhockey\/","title":{"rendered":"Floor Hockey"},"content":{"rendered":"<div id=\"cs-content\" class=\"cs-content\"><\/div>\n","protected":false},"excerpt":{"rendered":"<p>&nbsp;Hockey int&eacute;rieur Le hockey int&eacute;rieur est un jeu de hockey en salle, jou&eacute; sur une surface plane. Les joueurs de chaque &eacute;quipe tentent de tirer un anneau en feutre dans un but &agrave; l&#8217;aide d&#8217;un b&acirc;ton &agrave; pointe en caoutchouc.&nbsp;Ratios athl\u00e8tes\/entra\u00eeneurs Les ratios sont des exigences minimales entre les athl\u00e8tes et les entra\u00eeneurs, non seulement pour les comp\u00e9titions de la &#8230; <\/p>\n<div><a href=\"https:\/\/www1.specialolympicsontario.com\/resources\/fr\/sports\/floorhockey\/\" class=\"more-link\">Read More<\/a><\/div>\n","protected":false},"author":142,"featured_media":0,"parent":15571,"menu_order":0,"comment_status":"closed","ping_status":"closed","template":"template-blank-4.php","meta":{"_acf_changed":false,"footnotes":""},"class_list":["post-16003","page","type-page","status-publish","hentry","no-post-thumbnail"],"acf":[],"_links":{"self":[{"href":"https:\/\/www1.specialolympicsontario.com\/resources\/fr\/wp-json\/wp\/v2\/pages\/16003","targetHints":{"allow":["GET"]}}],"collection":[{"href":"https:\/\/www1.specialolympicsontario.com\/resources\/fr\/wp-json\/wp\/v2\/pages"}],"about":[{"href":"https:\/\/www1.specialolympicsontario.com\/resources\/fr\/wp-json\/wp\/v2\/types\/page"}],"author":[{"embeddable":true,"href":"https:\/\/www1.specialolympicsontario.com\/resources\/fr\/wp-json\/wp\/v2\/users\/142"}],"replies":[{"embeddable":true,"href":"https:\/\/www1.specialolympicsontario.com\/resources\/fr\/wp-json\/wp\/v2\/comments?post=16003"}],"version-history":[{"count":0,"href":"https:\/\/www1.specialolympicsontario.com\/resources\/fr\/wp-json\/wp\/v2\/pages\/16003\/revisions"}],"up":[{"embeddable":true,"href":"https:\/\/www1.specialolympicsontario.com\/resources\/fr\/wp-json\/wp\/v2\/pages\/15571"}],"wp:attachment":[{"href":"https:\/\/www1.specialolympicsontario.com\/resources\/fr\/wp-json\/wp\/v2\/media?parent=16003"}],"curies":[{"name":"wp","href":"https:\/\/api.w.org\/{rel}","templated":true}]}}