{"id":16000,"date":"2018-10-24T20:34:00","date_gmt":"2018-10-24T20:34:00","guid":{"rendered":"https:\/\/www1.specialolympicsontario.com\/resources\/volunteers\/volunteerrecognition\/"},"modified":"2020-11-20T17:29:51","modified_gmt":"2020-11-20T22:29:51","slug":"volunteerrecognition","status":"publish","type":"page","link":"https:\/\/www1.specialolympicsontario.com\/resources\/fr\/volunteers\/volunteerrecognition\/","title":{"rendered":"Getting Started as a Volunteer"},"content":{"rendered":"<div id=\"cs-content\" class=\"cs-content\"><\/div>\n","protected":false},"excerpt":{"rendered":"<p>D&eacute;marrer en tant que b&eacute;n&eacute;vole Philosophie du b\u00e9n\u00e9volat Philosophie du b\u00e9n\u00e9volat Olympiques sp\u00e9ciaux Ontario estiment que tous les athl\u00e8tes de notre organisation m\u00e9ritent les meilleurs entra\u00eeneurs et le soutien b\u00e9n\u00e9vole que nous pouvons leur apporter. Nous atteignons cet objectif gr\u00e2ce \u00e0 des exigences minimales de certification des entra\u00eeneurs et \u00e0 des programmes de formation continue des b\u00e9n\u00e9voles Olympiques sp\u00e9ciaux Ontario &#8230; <\/p>\n<div><a href=\"https:\/\/www1.specialolympicsontario.com\/resources\/fr\/roles-des-entraineurs-et-des-benevoles\/\" class=\"more-link\">Read More<\/a><\/div>\n","protected":false},"author":14,"featured_media":0,"parent":15537,"menu_order":0,"comment_status":"closed","ping_status":"closed","template":"template-blank-4.php","meta":{"_acf_changed":false,"footnotes":""},"class_list":["post-16000","page","type-page","status-publish","hentry","no-post-thumbnail"],"acf":[],"_links":{"self":[{"href":"https:\/\/www1.specialolympicsontario.com\/resources\/fr\/wp-json\/wp\/v2\/pages\/16000","targetHints":{"allow":["GET"]}}],"collection":[{"href":"https:\/\/www1.specialolympicsontario.com\/resources\/fr\/wp-json\/wp\/v2\/pages"}],"about":[{"href":"https:\/\/www1.specialolympicsontario.com\/resources\/fr\/wp-json\/wp\/v2\/types\/page"}],"author":[{"embeddable":true,"href":"https:\/\/www1.specialolympicsontario.com\/resources\/fr\/wp-json\/wp\/v2\/users\/14"}],"replies":[{"embeddable":true,"href":"https:\/\/www1.specialolympicsontario.com\/resources\/fr\/wp-json\/wp\/v2\/comments?post=16000"}],"version-history":[{"count":0,"href":"https:\/\/www1.specialolympicsontario.com\/resources\/fr\/wp-json\/wp\/v2\/pages\/16000\/revisions"}],"up":[{"embeddable":true,"href":"https:\/\/www1.specialolympicsontario.com\/resources\/fr\/wp-json\/wp\/v2\/pages\/15537"}],"wp:attachment":[{"href":"https:\/\/www1.specialolympicsontario.com\/resources\/fr\/wp-json\/wp\/v2\/media?parent=16000"}],"curies":[{"name":"wp","href":"https:\/\/api.w.org\/{rel}","templated":true}]}}