{"id":15992,"date":"2018-11-26T17:59:06","date_gmt":"2018-11-26T22:59:06","guid":{"rendered":"https:\/\/www1.specialolympicsontario.com\/resources\/risk-management\/"},"modified":"2021-01-15T15:42:51","modified_gmt":"2021-01-15T20:42:51","slug":"risk-management","status":"publish","type":"page","link":"https:\/\/www1.specialolympicsontario.com\/resources\/fr\/risk-management\/","title":{"rendered":"Sant\u00e9 et s\u00e9curit\u00e9 (gestion des risques)"},"content":{"rendered":"<div id=\"cs-content\" class=\"cs-content\"><\/div>\n","protected":false},"excerpt":{"rendered":"<p>Sant&eacute; et s&eacute;curit&eacute; (gestion des risques)Qu&#8217;est-ce que la gestion des risques ?La gestion des risques est une m&eacute;thode pour identifier les risques et &eacute;laborer et mettre en &oelig;uvre des programmes visant &agrave; prot&eacute;ger l&#8217;organisation et &agrave; pr&eacute;venir les pertes. Un programme de gestion des risques efficace comprend quatre &eacute;tapes de base qui s&#8217;inscrivent dans un processus continu. Lorsque vous vous &#8230; <\/p>\n<div><a href=\"https:\/\/www1.specialolympicsontario.com\/resources\/fr\/risk-management\/\" class=\"more-link\">Read More<\/a><\/div>\n","protected":false},"author":142,"featured_media":0,"parent":0,"menu_order":0,"comment_status":"closed","ping_status":"closed","template":"template-blank-4.php","meta":{"_acf_changed":false,"footnotes":""},"class_list":["post-15992","page","type-page","status-publish","hentry","no-post-thumbnail"],"acf":[],"_links":{"self":[{"href":"https:\/\/www1.specialolympicsontario.com\/resources\/fr\/wp-json\/wp\/v2\/pages\/15992","targetHints":{"allow":["GET"]}}],"collection":[{"href":"https:\/\/www1.specialolympicsontario.com\/resources\/fr\/wp-json\/wp\/v2\/pages"}],"about":[{"href":"https:\/\/www1.specialolympicsontario.com\/resources\/fr\/wp-json\/wp\/v2\/types\/page"}],"author":[{"embeddable":true,"href":"https:\/\/www1.specialolympicsontario.com\/resources\/fr\/wp-json\/wp\/v2\/users\/142"}],"replies":[{"embeddable":true,"href":"https:\/\/www1.specialolympicsontario.com\/resources\/fr\/wp-json\/wp\/v2\/comments?post=15992"}],"version-history":[{"count":0,"href":"https:\/\/www1.specialolympicsontario.com\/resources\/fr\/wp-json\/wp\/v2\/pages\/15992\/revisions"}],"wp:attachment":[{"href":"https:\/\/www1.specialolympicsontario.com\/resources\/fr\/wp-json\/wp\/v2\/media?parent=15992"}],"curies":[{"name":"wp","href":"https:\/\/api.w.org\/{rel}","templated":true}]}}