{"id":15984,"date":"2019-01-11T16:38:13","date_gmt":"2019-01-11T21:38:13","guid":{"rendered":"https:\/\/www1.specialolympicsontario.com\/resources\/hosting_competitions\/hostpackage\/"},"modified":"2021-01-15T15:44:11","modified_gmt":"2021-01-15T20:44:11","slug":"hostpackage","status":"publish","type":"page","link":"https:\/\/www1.specialolympicsontario.com\/resources\/fr\/competitions\/hosting_competitions\/hostpackage\/","title":{"rendered":"Paquet pour l&#8217;h\u00f4te"},"content":{"rendered":"<div id=\"cs-content\" class=\"cs-content\"><\/div>\n","protected":false},"excerpt":{"rendered":"<p>Dossiers pour les h&ocirc;tesCette page comprend deux sections. La premi\u00e8re section comprend des informations g\u00e9n\u00e9rales pour les h\u00f4tes. La deuxi\u00e8me section de la page comprend des dossiers d&#8217;accueil sp\u00e9cifiques \u00e0 chaque sport qui peuvent \u00eatre filtr\u00e9s. Lettre de parrainage Lettre de parrainageT\u00e9l\u00e9charger READ MORE Demande de modification Demande de modificationT\u00e9l\u00e9charger READ MORE Promesse des b\u00e9n\u00e9voles de l&#8217;\u00e9v\u00e9nement Promesse des b\u00e9n\u00e9voles &#8230; <\/p>\n<div><a href=\"https:\/\/www1.specialolympicsontario.com\/resources\/fr\/competitions\/hosting_competitions\/hostpackage\/\" class=\"more-link\">Read More<\/a><\/div>\n","protected":false},"author":14,"featured_media":0,"parent":15979,"menu_order":0,"comment_status":"closed","ping_status":"closed","template":"template-blank-4.php","meta":{"_acf_changed":false,"footnotes":""},"class_list":["post-15984","page","type-page","status-publish","hentry","no-post-thumbnail"],"acf":[],"_links":{"self":[{"href":"https:\/\/www1.specialolympicsontario.com\/resources\/fr\/wp-json\/wp\/v2\/pages\/15984","targetHints":{"allow":["GET"]}}],"collection":[{"href":"https:\/\/www1.specialolympicsontario.com\/resources\/fr\/wp-json\/wp\/v2\/pages"}],"about":[{"href":"https:\/\/www1.specialolympicsontario.com\/resources\/fr\/wp-json\/wp\/v2\/types\/page"}],"author":[{"embeddable":true,"href":"https:\/\/www1.specialolympicsontario.com\/resources\/fr\/wp-json\/wp\/v2\/users\/14"}],"replies":[{"embeddable":true,"href":"https:\/\/www1.specialolympicsontario.com\/resources\/fr\/wp-json\/wp\/v2\/comments?post=15984"}],"version-history":[{"count":0,"href":"https:\/\/www1.specialolympicsontario.com\/resources\/fr\/wp-json\/wp\/v2\/pages\/15984\/revisions"}],"up":[{"embeddable":true,"href":"https:\/\/www1.specialolympicsontario.com\/resources\/fr\/wp-json\/wp\/v2\/pages\/15979"}],"wp:attachment":[{"href":"https:\/\/www1.specialolympicsontario.com\/resources\/fr\/wp-json\/wp\/v2\/media?parent=15984"}],"curies":[{"name":"wp","href":"https:\/\/api.w.org\/{rel}","templated":true}]}}