{"id":15964,"date":"2020-02-25T15:37:58","date_gmt":"2020-02-25T15:37:58","guid":{"rendered":"https:\/\/www1.specialolympicsontario.com\/resources\/sports\/kayaking\/"},"modified":"2020-11-20T16:33:41","modified_gmt":"2020-11-20T21:33:41","slug":"kayaking","status":"publish","type":"page","link":"https:\/\/www1.specialolympicsontario.com\/resources\/fr\/sports\/kayaking\/","title":{"rendered":"Kayaking"},"content":{"rendered":"<div id=\"cs-content\" class=\"cs-content\"><\/div>\n","protected":false},"excerpt":{"rendered":"<p>&nbsp;Kayak &nbsp;Statut du sport Le kayak est un programme partenaire d&#8217;Olympiques sp\u00e9ciaux Ontario. Les comp\u00e9titions et les clubs sont g\u00e9r\u00e9s par l&#8217;organisation sportive provinciale et nationale de canoe-kayak : Canoe-Kayak Canada. Toutes les comp\u00e9titions de Canoe-Kayak Canada sont conformes aux r\u00e8gles de la OSI pour les divisions unifi\u00e9es et traditionnelles. Saison sportive La saison des comp\u00e9titions de kayak s&#8217;\u00e9tend de &#8230; <\/p>\n<div><a href=\"https:\/\/www1.specialolympicsontario.com\/resources\/fr\/sports\/kayaking\/\" class=\"more-link\">Read More<\/a><\/div>\n","protected":false},"author":14,"featured_media":0,"parent":15571,"menu_order":0,"comment_status":"closed","ping_status":"closed","template":"template-blank-4.php","meta":{"_acf_changed":false,"footnotes":""},"class_list":["post-15964","page","type-page","status-publish","hentry","no-post-thumbnail"],"acf":[],"_links":{"self":[{"href":"https:\/\/www1.specialolympicsontario.com\/resources\/fr\/wp-json\/wp\/v2\/pages\/15964","targetHints":{"allow":["GET"]}}],"collection":[{"href":"https:\/\/www1.specialolympicsontario.com\/resources\/fr\/wp-json\/wp\/v2\/pages"}],"about":[{"href":"https:\/\/www1.specialolympicsontario.com\/resources\/fr\/wp-json\/wp\/v2\/types\/page"}],"author":[{"embeddable":true,"href":"https:\/\/www1.specialolympicsontario.com\/resources\/fr\/wp-json\/wp\/v2\/users\/14"}],"replies":[{"embeddable":true,"href":"https:\/\/www1.specialolympicsontario.com\/resources\/fr\/wp-json\/wp\/v2\/comments?post=15964"}],"version-history":[{"count":0,"href":"https:\/\/www1.specialolympicsontario.com\/resources\/fr\/wp-json\/wp\/v2\/pages\/15964\/revisions"}],"up":[{"embeddable":true,"href":"https:\/\/www1.specialolympicsontario.com\/resources\/fr\/wp-json\/wp\/v2\/pages\/15571"}],"wp:attachment":[{"href":"https:\/\/www1.specialolympicsontario.com\/resources\/fr\/wp-json\/wp\/v2\/media?parent=15964"}],"curies":[{"name":"wp","href":"https:\/\/api.w.org\/{rel}","templated":true}]}}