{"id":15676,"date":"2018-11-19T17:26:58","date_gmt":"2018-11-19T22:26:58","guid":{"rendered":"https:\/\/www1.specialolympicsontario.com\/resources\/majorgames\/"},"modified":"2021-01-15T15:43:35","modified_gmt":"2021-01-15T20:43:35","slug":"majorgames","status":"publish","type":"page","link":"https:\/\/www1.specialolympicsontario.com\/resources\/fr\/competitions\/majorgames\/","title":{"rendered":"Jeux majeurs"},"content":{"rendered":"<div id=\"cs-content\" class=\"cs-content\"><\/div>\n","protected":false},"excerpt":{"rendered":"<p>Les grands jeux Manuel du responsable d&#8217;\u00e9quipe de district (RED) &#8211; READ MORE Types de grands jeux Types de grands jeux Jeux provinciaux Organis\u00e9s par le comit\u00e9 organisateur des Jeux provinciaux et Olympiques sp\u00e9ciaux Ontario, les Jeux provinciaux rassemblent des athl\u00e8tes de toute la province. Les athl\u00e8tes doivent participer \u00e0 l&#8217;\u00e9preuve de qualification provinciale d\u00e9sign\u00e9e pour leur conf\u00e9rence sportive sp\u00e9cifique &#8230; <\/p>\n<div><a href=\"https:\/\/www1.specialolympicsontario.com\/resources\/fr\/competitions\/majorgames\/\" class=\"more-link\">Read More<\/a><\/div>\n","protected":false},"author":14,"featured_media":0,"parent":16328,"menu_order":0,"comment_status":"closed","ping_status":"closed","template":"template-blank-4.php","meta":{"_acf_changed":false,"footnotes":""},"class_list":["post-15676","page","type-page","status-publish","hentry","no-post-thumbnail"],"acf":[],"_links":{"self":[{"href":"https:\/\/www1.specialolympicsontario.com\/resources\/fr\/wp-json\/wp\/v2\/pages\/15676","targetHints":{"allow":["GET"]}}],"collection":[{"href":"https:\/\/www1.specialolympicsontario.com\/resources\/fr\/wp-json\/wp\/v2\/pages"}],"about":[{"href":"https:\/\/www1.specialolympicsontario.com\/resources\/fr\/wp-json\/wp\/v2\/types\/page"}],"author":[{"embeddable":true,"href":"https:\/\/www1.specialolympicsontario.com\/resources\/fr\/wp-json\/wp\/v2\/users\/14"}],"replies":[{"embeddable":true,"href":"https:\/\/www1.specialolympicsontario.com\/resources\/fr\/wp-json\/wp\/v2\/comments?post=15676"}],"version-history":[{"count":0,"href":"https:\/\/www1.specialolympicsontario.com\/resources\/fr\/wp-json\/wp\/v2\/pages\/15676\/revisions"}],"up":[{"embeddable":true,"href":"https:\/\/www1.specialolympicsontario.com\/resources\/fr\/wp-json\/wp\/v2\/pages\/16328"}],"wp:attachment":[{"href":"https:\/\/www1.specialolympicsontario.com\/resources\/fr\/wp-json\/wp\/v2\/media?parent=15676"}],"curies":[{"name":"wp","href":"https:\/\/api.w.org\/{rel}","templated":true}]}}