{"id":15665,"date":"2018-12-24T19:50:56","date_gmt":"2018-12-24T19:50:56","guid":{"rendered":"https:\/\/www1.specialolympicsontario.com\/resources\/policies\/operationalpolicies\/"},"modified":"2020-11-17T16:48:02","modified_gmt":"2020-11-17T21:48:02","slug":"operationalpolicies","status":"publish","type":"page","link":"https:\/\/www1.specialolympicsontario.com\/resources\/fr\/policies\/operationalpolicies\/","title":{"rendered":"Operational Policies"},"content":{"rendered":"<div id=\"cs-content\" class=\"cs-content\"><\/div>\n","protected":false},"excerpt":{"rendered":"<p>Politiques op&eacute;rationnellesCette section contient les politiques op&eacute;rationnelles de l&#8217;organisation.Vous pouvez filtrer\/chercher toutes les ressources li&eacute;es &agrave; cette section ici : 7000-102 : Utilisation d&#8217;un chien d&#8217;assistance 7000-102 : Utilisation d&#8217;un chien d&#8217;assistance Olympiques sp\u00e9ciaux Ontario encourage l&#8217;utilisation de chiens d&#8217;assistance entra\u00een\u00e9s lors de tous les \u00e9v\u00e9nements et activit\u00e9s sanctionn\u00e9s. Un chien d&#8217;assistance est d\u00e9fini comme un chien qui a suivi &#8230; <\/p>\n<div><a href=\"https:\/\/www1.specialolympicsontario.com\/resources\/fr\/7000-100-politique-de-confidentialite-et-de-securite-et-conditions-dutilisation\/\" class=\"more-link\">Read More<\/a><\/div>\n","protected":false},"author":14,"featured_media":0,"parent":15649,"menu_order":0,"comment_status":"closed","ping_status":"closed","template":"template-blank-4.php","meta":{"_acf_changed":false,"footnotes":""},"class_list":["post-15665","page","type-page","status-publish","hentry","no-post-thumbnail"],"acf":[],"_links":{"self":[{"href":"https:\/\/www1.specialolympicsontario.com\/resources\/fr\/wp-json\/wp\/v2\/pages\/15665","targetHints":{"allow":["GET"]}}],"collection":[{"href":"https:\/\/www1.specialolympicsontario.com\/resources\/fr\/wp-json\/wp\/v2\/pages"}],"about":[{"href":"https:\/\/www1.specialolympicsontario.com\/resources\/fr\/wp-json\/wp\/v2\/types\/page"}],"author":[{"embeddable":true,"href":"https:\/\/www1.specialolympicsontario.com\/resources\/fr\/wp-json\/wp\/v2\/users\/14"}],"replies":[{"embeddable":true,"href":"https:\/\/www1.specialolympicsontario.com\/resources\/fr\/wp-json\/wp\/v2\/comments?post=15665"}],"version-history":[{"count":0,"href":"https:\/\/www1.specialolympicsontario.com\/resources\/fr\/wp-json\/wp\/v2\/pages\/15665\/revisions"}],"up":[{"embeddable":true,"href":"https:\/\/www1.specialolympicsontario.com\/resources\/fr\/wp-json\/wp\/v2\/pages\/15649"}],"wp:attachment":[{"href":"https:\/\/www1.specialolympicsontario.com\/resources\/fr\/wp-json\/wp\/v2\/media?parent=15665"}],"curies":[{"name":"wp","href":"https:\/\/api.w.org\/{rel}","templated":true}]}}