{"id":15662,"date":"2018-12-19T17:26:32","date_gmt":"2018-12-19T17:26:32","guid":{"rendered":"https:\/\/www1.specialolympicsontario.com\/resources\/policies\/pancanadianpolicies\/"},"modified":"2020-11-17T16:43:57","modified_gmt":"2020-11-17T21:43:57","slug":"pancanadianpolicies","status":"publish","type":"page","link":"https:\/\/www1.specialolympicsontario.com\/resources\/fr\/policies\/pancanadianpolicies\/","title":{"rendered":"Pan Canadian Policies"},"content":{"rendered":"<div id=\"cs-content\" class=\"cs-content\"><\/div>\n","protected":false},"excerpt":{"rendered":"<p>Politiques pancanadiennesCette section contient les politiques pancanadiennes de l&#8217;organisation.Vous pouvez filtrer\/chercher toutes les ressources li&eacute;es &agrave; cette section ici : 2 d\u00e9cembre 2020 Politique pancanadienne d&#8217;endossement et de r\u00e9\u00e9valuation de l&#8217;endossement &#8211; 2019 5 d\u00e9cembre 2020 Identification des athl\u00e8tes pancanadiens pour la politique de s\u00e9lection des comp\u00e9titions &#8211; 2019 &nbsp; 5 d\u00e9cembre 2020 Politique pancanadienne d&#8217; \u00e9ligibilit\u00e9 pour la participation &#8230; <\/p>\n<div><a href=\"https:\/\/www1.specialolympicsontario.com\/resources\/fr\/policies\/pancanadianpolicies\/\" class=\"more-link\">Read More<\/a><\/div>\n","protected":false},"author":14,"featured_media":0,"parent":15649,"menu_order":0,"comment_status":"closed","ping_status":"closed","template":"template-blank-4.php","meta":{"_acf_changed":false,"footnotes":""},"class_list":["post-15662","page","type-page","status-publish","hentry","no-post-thumbnail"],"acf":[],"_links":{"self":[{"href":"https:\/\/www1.specialolympicsontario.com\/resources\/fr\/wp-json\/wp\/v2\/pages\/15662","targetHints":{"allow":["GET"]}}],"collection":[{"href":"https:\/\/www1.specialolympicsontario.com\/resources\/fr\/wp-json\/wp\/v2\/pages"}],"about":[{"href":"https:\/\/www1.specialolympicsontario.com\/resources\/fr\/wp-json\/wp\/v2\/types\/page"}],"author":[{"embeddable":true,"href":"https:\/\/www1.specialolympicsontario.com\/resources\/fr\/wp-json\/wp\/v2\/users\/14"}],"replies":[{"embeddable":true,"href":"https:\/\/www1.specialolympicsontario.com\/resources\/fr\/wp-json\/wp\/v2\/comments?post=15662"}],"version-history":[{"count":0,"href":"https:\/\/www1.specialolympicsontario.com\/resources\/fr\/wp-json\/wp\/v2\/pages\/15662\/revisions"}],"up":[{"embeddable":true,"href":"https:\/\/www1.specialolympicsontario.com\/resources\/fr\/wp-json\/wp\/v2\/pages\/15649"}],"wp:attachment":[{"href":"https:\/\/www1.specialolympicsontario.com\/resources\/fr\/wp-json\/wp\/v2\/media?parent=15662"}],"curies":[{"name":"wp","href":"https:\/\/api.w.org\/{rel}","templated":true}]}}