{"id":15658,"date":"2018-08-14T17:08:03","date_gmt":"2018-08-14T21:08:03","guid":{"rendered":"https:\/\/www1.specialolympicsontario.com\/resources\/athletes\/opportunities-for-athletes-2\/"},"modified":"2021-01-15T15:38:39","modified_gmt":"2021-01-15T20:38:39","slug":"opportunities-for-athletes-2","status":"publish","type":"page","link":"https:\/\/www1.specialolympicsontario.com\/resources\/fr\/athletes\/opportunities-for-athletes-2\/","title":{"rendered":"Opportunit\u00e9s pour les athl\u00e8tes"},"content":{"rendered":"<div id=\"cs-content\" class=\"cs-content\"><\/div>\n","protected":false},"excerpt":{"rendered":"<p>Opportunit&eacute;s pour les athl&egrave;tesCette section explore les possibilit&eacute;s offertes aux athl&egrave;tes d&#8217;Olympiques sp&eacute;ciaux, dans et &agrave; travers le sport. L&#8217;\u00c9LIGIBILIT\u00c9 DES ATHL\u00c8TES Si une personne est \u00e2g\u00e9e de deux ans ou plus et est identifi\u00e9e par une agence ou un professionnel comme ayant une d\u00e9ficience intellectuelle, alors cette personne est \u00e9ligible pour participer en tant qu&#8217;athl\u00e8te aux Olympiques sp\u00e9ciaux. Si &#8230; <\/p>\n<div><a href=\"https:\/\/www1.specialolympicsontario.com\/resources\/fr\/athletes\/opportunities-for-athletes-2\/\" class=\"more-link\">Read More<\/a><\/div>\n","protected":false},"author":15,"featured_media":0,"parent":15535,"menu_order":0,"comment_status":"closed","ping_status":"closed","template":"template-blank-4.php","meta":{"_acf_changed":false,"footnotes":""},"class_list":["post-15658","page","type-page","status-publish","hentry","no-post-thumbnail"],"acf":[],"_links":{"self":[{"href":"https:\/\/www1.specialolympicsontario.com\/resources\/fr\/wp-json\/wp\/v2\/pages\/15658","targetHints":{"allow":["GET"]}}],"collection":[{"href":"https:\/\/www1.specialolympicsontario.com\/resources\/fr\/wp-json\/wp\/v2\/pages"}],"about":[{"href":"https:\/\/www1.specialolympicsontario.com\/resources\/fr\/wp-json\/wp\/v2\/types\/page"}],"author":[{"embeddable":true,"href":"https:\/\/www1.specialolympicsontario.com\/resources\/fr\/wp-json\/wp\/v2\/users\/15"}],"replies":[{"embeddable":true,"href":"https:\/\/www1.specialolympicsontario.com\/resources\/fr\/wp-json\/wp\/v2\/comments?post=15658"}],"version-history":[{"count":0,"href":"https:\/\/www1.specialolympicsontario.com\/resources\/fr\/wp-json\/wp\/v2\/pages\/15658\/revisions"}],"up":[{"embeddable":true,"href":"https:\/\/www1.specialolympicsontario.com\/resources\/fr\/wp-json\/wp\/v2\/pages\/15535"}],"wp:attachment":[{"href":"https:\/\/www1.specialolympicsontario.com\/resources\/fr\/wp-json\/wp\/v2\/media?parent=15658"}],"curies":[{"name":"wp","href":"https:\/\/api.w.org\/{rel}","templated":true}]}}