{"id":15649,"date":"2018-11-26T15:20:18","date_gmt":"2018-11-26T15:20:18","guid":{"rendered":"https:\/\/www1.specialolympicsontario.com\/resources\/policies\/"},"modified":"2020-11-17T16:39:57","modified_gmt":"2020-11-17T21:39:57","slug":"policies","status":"publish","type":"page","link":"https:\/\/www1.specialolympicsontario.com\/resources\/fr\/policies\/","title":{"rendered":"Policies"},"content":{"rendered":"<div id=\"cs-content\" class=\"cs-content\"><\/div>\n","protected":false},"excerpt":{"rendered":"<p>PolitiquesCette section contient les politiques d&#8217;Olympiques sp\u00e9ciaux Ontario. R&egrave;glements administratifsPolitiques du sport et de la comp&eacute;titionPolitiques op&eacute;rationnelles Politiquespancanadiennes Les politiques pancanadiennes repr\u00e9sentent les normes minimales nationales, les politiques d&#8217;OSO en mati\u00e8re de sport et de comp\u00e9tition sont suivies et maintenues en Ontario.Click here Registration Special Olympics Ontario Law Enforcement Torch Run Special Olympics Canada Athlete leadership Politiques Cette section contient &#8230; <\/p>\n<div><a href=\"https:\/\/www1.specialolympicsontario.com\/resources\/fr\/policies\/\" class=\"more-link\">Read More<\/a><\/div>\n","protected":false},"author":142,"featured_media":0,"parent":0,"menu_order":0,"comment_status":"closed","ping_status":"closed","template":"template-blank-4.php","meta":{"_acf_changed":false,"footnotes":""},"class_list":["post-15649","page","type-page","status-publish","hentry","no-post-thumbnail"],"acf":[],"_links":{"self":[{"href":"https:\/\/www1.specialolympicsontario.com\/resources\/fr\/wp-json\/wp\/v2\/pages\/15649","targetHints":{"allow":["GET"]}}],"collection":[{"href":"https:\/\/www1.specialolympicsontario.com\/resources\/fr\/wp-json\/wp\/v2\/pages"}],"about":[{"href":"https:\/\/www1.specialolympicsontario.com\/resources\/fr\/wp-json\/wp\/v2\/types\/page"}],"author":[{"embeddable":true,"href":"https:\/\/www1.specialolympicsontario.com\/resources\/fr\/wp-json\/wp\/v2\/users\/142"}],"replies":[{"embeddable":true,"href":"https:\/\/www1.specialolympicsontario.com\/resources\/fr\/wp-json\/wp\/v2\/comments?post=15649"}],"version-history":[{"count":0,"href":"https:\/\/www1.specialolympicsontario.com\/resources\/fr\/wp-json\/wp\/v2\/pages\/15649\/revisions"}],"wp:attachment":[{"href":"https:\/\/www1.specialolympicsontario.com\/resources\/fr\/wp-json\/wp\/v2\/media?parent=15649"}],"curies":[{"name":"wp","href":"https:\/\/api.w.org\/{rel}","templated":true}]}}