{"id":15646,"date":"2019-05-02T16:37:43","date_gmt":"2019-05-02T16:37:43","guid":{"rendered":"https:\/\/www1.specialolympicsontario.com\/resources\/sports\/powerlifting\/"},"modified":"2020-11-17T16:32:57","modified_gmt":"2020-11-17T21:32:57","slug":"powerlifting","status":"publish","type":"page","link":"https:\/\/www1.specialolympicsontario.com\/resources\/fr\/sports\/powerlifting\/","title":{"rendered":"Powerlifting"},"content":{"rendered":"<div id=\"cs-content\" class=\"cs-content\"><\/div>\n","protected":false},"excerpt":{"rendered":"<p>&nbsp;Dynamophilie Chaque athl&egrave;te vise &agrave; soulever plus de poids que l&#8217;adversaire en utilisant des mouvements sp&eacute;cifiques. La dynamophilie consiste &agrave; soulever des poids morts, &agrave; s&#8217;accroupir ou &agrave; se mettre au banc.Ratios athl\u00e8tes\/entra\u00eeneurs Les ratios sont des exigences minimales entre les athl\u00e8tes et les entra\u00eeneurs, non seulement pour les comp\u00e9titions de la Conf\u00e9rence, les Jeux provinciaux et nationaux, mais aussi &#8230; <\/p>\n<div><a href=\"https:\/\/www1.specialolympicsontario.com\/resources\/fr\/conferences-de-dynamophilie-2019\/\" class=\"more-link\">Read More<\/a><\/div>\n","protected":false},"author":14,"featured_media":0,"parent":15571,"menu_order":0,"comment_status":"closed","ping_status":"closed","template":"template-blank-4.php","meta":{"_acf_changed":false,"footnotes":""},"class_list":["post-15646","page","type-page","status-publish","hentry","no-post-thumbnail"],"acf":[],"_links":{"self":[{"href":"https:\/\/www1.specialolympicsontario.com\/resources\/fr\/wp-json\/wp\/v2\/pages\/15646","targetHints":{"allow":["GET"]}}],"collection":[{"href":"https:\/\/www1.specialolympicsontario.com\/resources\/fr\/wp-json\/wp\/v2\/pages"}],"about":[{"href":"https:\/\/www1.specialolympicsontario.com\/resources\/fr\/wp-json\/wp\/v2\/types\/page"}],"author":[{"embeddable":true,"href":"https:\/\/www1.specialolympicsontario.com\/resources\/fr\/wp-json\/wp\/v2\/users\/14"}],"replies":[{"embeddable":true,"href":"https:\/\/www1.specialolympicsontario.com\/resources\/fr\/wp-json\/wp\/v2\/comments?post=15646"}],"version-history":[{"count":0,"href":"https:\/\/www1.specialolympicsontario.com\/resources\/fr\/wp-json\/wp\/v2\/pages\/15646\/revisions"}],"up":[{"embeddable":true,"href":"https:\/\/www1.specialolympicsontario.com\/resources\/fr\/wp-json\/wp\/v2\/pages\/15571"}],"wp:attachment":[{"href":"https:\/\/www1.specialolympicsontario.com\/resources\/fr\/wp-json\/wp\/v2\/media?parent=15646"}],"curies":[{"name":"wp","href":"https:\/\/api.w.org\/{rel}","templated":true}]}}