{"id":15642,"date":"2018-12-24T18:10:04","date_gmt":"2018-12-24T18:10:04","guid":{"rendered":"https:\/\/www1.specialolympicsontario.com\/resources\/sportcompetitionpolicies\/provincialgamespolicies\/"},"modified":"2020-11-17T16:22:54","modified_gmt":"2020-11-17T21:22:54","slug":"provincialgamespolicies","status":"publish","type":"page","link":"https:\/\/www1.specialolympicsontario.com\/resources\/fr\/policies\/sportcompetitionpolicies\/provincialgamespolicies\/","title":{"rendered":"Provincial Games Policies"},"content":{"rendered":"<div id=\"cs-content\" class=\"cs-content\"><\/div>\n","protected":false},"excerpt":{"rendered":"<p>Politiques des jeux provinciauxCette section contient les politiques des jeux provinciaux de l&#8217;organisation.Vous pouvez filtrer\/chercher toutes les ressources li&eacute;es &agrave; cette section ici : 7000-313 Assistant de l&#8217;athl\u00e8te 7000-313 Jeux provinciaux : Assistant aux athl\u00e8tes Date de r\u00e9vision: f\u00e9vrier 2019\u00a0 \u00a0 \u00a0 \u00a0 \u00a0 Date d&#8217;entr\u00e9e en vigueur: 23 f\u00e9vrier 2018 Pr\u00e9ambule Il est entendu que certains athl\u00e8tes voyagent normalement &#8230; <\/p>\n<div><a href=\"https:\/\/www1.specialolympicsontario.com\/resources\/fr\/policies\/sportcompetitionpolicies\/provincialgamespolicies\/\" class=\"more-link\">Read More<\/a><\/div>\n","protected":false},"author":14,"featured_media":0,"parent":15581,"menu_order":0,"comment_status":"closed","ping_status":"closed","template":"template-blank-4.php","meta":{"_acf_changed":false,"footnotes":""},"class_list":["post-15642","page","type-page","status-publish","hentry","no-post-thumbnail"],"acf":[],"_links":{"self":[{"href":"https:\/\/www1.specialolympicsontario.com\/resources\/fr\/wp-json\/wp\/v2\/pages\/15642","targetHints":{"allow":["GET"]}}],"collection":[{"href":"https:\/\/www1.specialolympicsontario.com\/resources\/fr\/wp-json\/wp\/v2\/pages"}],"about":[{"href":"https:\/\/www1.specialolympicsontario.com\/resources\/fr\/wp-json\/wp\/v2\/types\/page"}],"author":[{"embeddable":true,"href":"https:\/\/www1.specialolympicsontario.com\/resources\/fr\/wp-json\/wp\/v2\/users\/14"}],"replies":[{"embeddable":true,"href":"https:\/\/www1.specialolympicsontario.com\/resources\/fr\/wp-json\/wp\/v2\/comments?post=15642"}],"version-history":[{"count":0,"href":"https:\/\/www1.specialolympicsontario.com\/resources\/fr\/wp-json\/wp\/v2\/pages\/15642\/revisions"}],"up":[{"embeddable":true,"href":"https:\/\/www1.specialolympicsontario.com\/resources\/fr\/wp-json\/wp\/v2\/pages\/15581"}],"wp:attachment":[{"href":"https:\/\/www1.specialolympicsontario.com\/resources\/fr\/wp-json\/wp\/v2\/media?parent=15642"}],"curies":[{"name":"wp","href":"https:\/\/api.w.org\/{rel}","templated":true}]}}