{"id":15636,"date":"2019-01-07T17:27:03","date_gmt":"2019-01-07T22:27:03","guid":{"rendered":"https:\/\/www1.specialolympicsontario.com\/resources\/athletes\/resourcesathletes\/"},"modified":"2021-01-15T15:38:02","modified_gmt":"2021-01-15T20:38:02","slug":"resourcesathletes","status":"publish","type":"page","link":"https:\/\/www1.specialolympicsontario.com\/resources\/fr\/athletes\/resourcesathletes\/","title":{"rendered":"Ressources pour les athl\u00e8tes"},"content":{"rendered":"<div id=\"cs-content\" class=\"cs-content\"><\/div>\n","protected":false},"excerpt":{"rendered":"<p>Ressources pour les athl&egrave;tesCette section pr&eacute;sente les ressources destin&eacute;es aux athl&egrave;tes d&#8217;Olympiques sp&eacute;ciaux, dans et par le sport. Guide nutritionnel pour l&#8217;entra\u00eenement \u00e0 domicile &#8211; READ MORE Ressources sur la sant\u00e9, la nutrition et la forme physique &#8211; READ MORE Manuel de pr\u00e9paration \u00e0 la concurrence 2018 &#8211; READ MORE Guide FIT 5 &#8211; READ MORE Cartes de fitness FIT &#8230; <\/p>\n<div><a href=\"https:\/\/www1.specialolympicsontario.com\/resources\/fr\/athletes\/resourcesathletes\/\" class=\"more-link\">Read More<\/a><\/div>\n","protected":false},"author":14,"featured_media":0,"parent":15535,"menu_order":0,"comment_status":"closed","ping_status":"closed","template":"template-blank-4.php","meta":{"_acf_changed":false,"footnotes":""},"class_list":["post-15636","page","type-page","status-publish","hentry","no-post-thumbnail"],"acf":[],"_links":{"self":[{"href":"https:\/\/www1.specialolympicsontario.com\/resources\/fr\/wp-json\/wp\/v2\/pages\/15636","targetHints":{"allow":["GET"]}}],"collection":[{"href":"https:\/\/www1.specialolympicsontario.com\/resources\/fr\/wp-json\/wp\/v2\/pages"}],"about":[{"href":"https:\/\/www1.specialolympicsontario.com\/resources\/fr\/wp-json\/wp\/v2\/types\/page"}],"author":[{"embeddable":true,"href":"https:\/\/www1.specialolympicsontario.com\/resources\/fr\/wp-json\/wp\/v2\/users\/14"}],"replies":[{"embeddable":true,"href":"https:\/\/www1.specialolympicsontario.com\/resources\/fr\/wp-json\/wp\/v2\/comments?post=15636"}],"version-history":[{"count":0,"href":"https:\/\/www1.specialolympicsontario.com\/resources\/fr\/wp-json\/wp\/v2\/pages\/15636\/revisions"}],"up":[{"embeddable":true,"href":"https:\/\/www1.specialolympicsontario.com\/resources\/fr\/wp-json\/wp\/v2\/pages\/15535"}],"wp:attachment":[{"href":"https:\/\/www1.specialolympicsontario.com\/resources\/fr\/wp-json\/wp\/v2\/media?parent=15636"}],"curies":[{"name":"wp","href":"https:\/\/api.w.org\/{rel}","templated":true}]}}