{"id":15614,"date":"2018-12-10T15:25:37","date_gmt":"2018-12-10T15:25:37","guid":{"rendered":"https:\/\/www1.specialolympicsontario.com\/resources\/sports\/snowshoeing\/"},"modified":"2020-11-17T13:38:54","modified_gmt":"2020-11-17T18:38:54","slug":"snowshoeing","status":"publish","type":"page","link":"https:\/\/www1.specialolympicsontario.com\/resources\/fr\/sports\/snowshoeing\/","title":{"rendered":"Snowshoeing"},"content":{"rendered":"<div id=\"cs-content\" class=\"cs-content\"><\/div>\n","protected":false},"excerpt":{"rendered":"<p>&nbsp;RaquetteLa raquette combine l&#8217;activit&eacute; a&eacute;robique avec la facilit&eacute; de marcher sur la neige sans s&#8217;y enfoncer.Ratios athl\u00e8tes\/entra\u00eeneurs Les ratios sont des exigences minimales entre les athl\u00e8tes et les entra\u00eeneurs, non seulement pour les comp\u00e9titions de la Conf\u00e9rence, les Jeux provinciaux et nationaux, mais aussi pour toutes les comp\u00e9titions et les entra\u00eenements d&#8217;Olympiques sp\u00e9ciaux Ontario. Ils garantissent que les athl\u00e8tes sont &#8230; <\/p>\n<div><a href=\"https:\/\/www1.specialolympicsontario.com\/resources\/fr\/formulaire-dinscription-pour-la-raquette\/\" class=\"more-link\">Read More<\/a><\/div>\n","protected":false},"author":14,"featured_media":0,"parent":15571,"menu_order":0,"comment_status":"closed","ping_status":"closed","template":"template-blank-4.php","meta":{"_acf_changed":false,"footnotes":""},"class_list":["post-15614","page","type-page","status-publish","hentry","no-post-thumbnail"],"acf":[],"_links":{"self":[{"href":"https:\/\/www1.specialolympicsontario.com\/resources\/fr\/wp-json\/wp\/v2\/pages\/15614","targetHints":{"allow":["GET"]}}],"collection":[{"href":"https:\/\/www1.specialolympicsontario.com\/resources\/fr\/wp-json\/wp\/v2\/pages"}],"about":[{"href":"https:\/\/www1.specialolympicsontario.com\/resources\/fr\/wp-json\/wp\/v2\/types\/page"}],"author":[{"embeddable":true,"href":"https:\/\/www1.specialolympicsontario.com\/resources\/fr\/wp-json\/wp\/v2\/users\/14"}],"replies":[{"embeddable":true,"href":"https:\/\/www1.specialolympicsontario.com\/resources\/fr\/wp-json\/wp\/v2\/comments?post=15614"}],"version-history":[{"count":0,"href":"https:\/\/www1.specialolympicsontario.com\/resources\/fr\/wp-json\/wp\/v2\/pages\/15614\/revisions"}],"up":[{"embeddable":true,"href":"https:\/\/www1.specialolympicsontario.com\/resources\/fr\/wp-json\/wp\/v2\/pages\/15571"}],"wp:attachment":[{"href":"https:\/\/www1.specialolympicsontario.com\/resources\/fr\/wp-json\/wp\/v2\/media?parent=15614"}],"curies":[{"name":"wp","href":"https:\/\/api.w.org\/{rel}","templated":true}]}}