{"id":15583,"date":"2020-10-05T11:06:21","date_gmt":"2020-10-05T15:06:21","guid":{"rendered":"https:\/\/www1.specialolympicsontario.com\/resources\/sport-clubs\/"},"modified":"2021-01-15T15:53:30","modified_gmt":"2021-01-15T20:53:30","slug":"sport-clubs","status":"publish","type":"page","link":"https:\/\/www1.specialolympicsontario.com\/resources\/fr\/communities-and-clubs-2\/sport-clubs\/","title":{"rendered":"Clubs de sport"},"content":{"rendered":"<div id=\"cs-content\" class=\"cs-content\"><\/div>\n","protected":false},"excerpt":{"rendered":"<p>Clubs sportifs Accueil du nouveau b\u00e9n\u00e9vole This page is actuellement en cours d&#8217;examen par Olympiques sp\u00e9ciaux Canada Accueil du nouveau b\u00e9n\u00e9vole Lors de l&#8217;inscription, les b\u00e9n\u00e9voles sont invit\u00e9s \u00e0 compl\u00e9ter les modules d&#8217;orientation d&#8217;OSC en ligne. Les trois modules, qui portent des informations sur l&#8217;organisation, travaillent avec des athl\u00e8tes ayant une d\u00e9ficience intellectuelle et une gestion de base des risques, &#8230; <\/p>\n<div><a href=\"https:\/\/www1.specialolympicsontario.com\/resources\/fr\/7000-302-provincial-games-athlete-quotas-for-provincial-games\/\" class=\"more-link\">Read More<\/a><\/div>\n","protected":false},"author":123555,"featured_media":0,"parent":16052,"menu_order":0,"comment_status":"closed","ping_status":"closed","template":"template-blank-4.php","meta":{"_acf_changed":false,"footnotes":""},"class_list":["post-15583","page","type-page","status-publish","hentry","no-post-thumbnail"],"acf":[],"_links":{"self":[{"href":"https:\/\/www1.specialolympicsontario.com\/resources\/fr\/wp-json\/wp\/v2\/pages\/15583","targetHints":{"allow":["GET"]}}],"collection":[{"href":"https:\/\/www1.specialolympicsontario.com\/resources\/fr\/wp-json\/wp\/v2\/pages"}],"about":[{"href":"https:\/\/www1.specialolympicsontario.com\/resources\/fr\/wp-json\/wp\/v2\/types\/page"}],"author":[{"embeddable":true,"href":"https:\/\/www1.specialolympicsontario.com\/resources\/fr\/wp-json\/wp\/v2\/users\/123555"}],"replies":[{"embeddable":true,"href":"https:\/\/www1.specialolympicsontario.com\/resources\/fr\/wp-json\/wp\/v2\/comments?post=15583"}],"version-history":[{"count":0,"href":"https:\/\/www1.specialolympicsontario.com\/resources\/fr\/wp-json\/wp\/v2\/pages\/15583\/revisions"}],"up":[{"embeddable":true,"href":"https:\/\/www1.specialolympicsontario.com\/resources\/fr\/wp-json\/wp\/v2\/pages\/16052"}],"wp:attachment":[{"href":"https:\/\/www1.specialolympicsontario.com\/resources\/fr\/wp-json\/wp\/v2\/media?parent=15583"}],"curies":[{"name":"wp","href":"https:\/\/api.w.org\/{rel}","templated":true}]}}