{"id":15559,"date":"2018-10-17T17:48:30","date_gmt":"2018-10-17T17:48:30","guid":{"rendered":"https:\/\/www1.specialolympicsontario.com\/resources\/volunteers\/training_professional_development\/"},"modified":"2020-11-17T12:12:53","modified_gmt":"2020-11-17T17:12:53","slug":"training_professional_development","status":"publish","type":"page","link":"https:\/\/www1.specialolympicsontario.com\/resources\/fr\/volunteers\/training_professional_development\/","title":{"rendered":"Training &amp; Professional Development"},"content":{"rendered":"<div id=\"cs-content\" class=\"cs-content\"><\/div>\n","protected":false},"excerpt":{"rendered":"<p>Entra&icirc;nement et d&eacute;veloppement professionnelCette section pr&eacute;sente les ressources de formation et de d&eacute;veloppement professionnel pour les b&eacute;n&eacute;voles d&#8217;Olympiques sp&eacute;ciaux. Filter by News TypeShow All Exigences de certification des entra\u00eeneurs pour les Jeux nationaux Exigences de certification des entra\u00eeneurs pour les Jeux nationaux Voici les qualifications minimales de certification recommand\u00e9es par le Programme national de certification des entra\u00eeneurs pour diff\u00e9rents niveaux &#8230; <\/p>\n<div><a href=\"https:\/\/www1.specialolympicsontario.com\/resources\/fr\/volunteers\/training_professional_development\/\" class=\"more-link\">Read More<\/a><\/div>\n","protected":false},"author":14,"featured_media":0,"parent":15537,"menu_order":0,"comment_status":"closed","ping_status":"closed","template":"template-blank-4.php","meta":{"_acf_changed":false,"footnotes":""},"class_list":["post-15559","page","type-page","status-publish","hentry","no-post-thumbnail"],"acf":[],"_links":{"self":[{"href":"https:\/\/www1.specialolympicsontario.com\/resources\/fr\/wp-json\/wp\/v2\/pages\/15559","targetHints":{"allow":["GET"]}}],"collection":[{"href":"https:\/\/www1.specialolympicsontario.com\/resources\/fr\/wp-json\/wp\/v2\/pages"}],"about":[{"href":"https:\/\/www1.specialolympicsontario.com\/resources\/fr\/wp-json\/wp\/v2\/types\/page"}],"author":[{"embeddable":true,"href":"https:\/\/www1.specialolympicsontario.com\/resources\/fr\/wp-json\/wp\/v2\/users\/14"}],"replies":[{"embeddable":true,"href":"https:\/\/www1.specialolympicsontario.com\/resources\/fr\/wp-json\/wp\/v2\/comments?post=15559"}],"version-history":[{"count":0,"href":"https:\/\/www1.specialolympicsontario.com\/resources\/fr\/wp-json\/wp\/v2\/pages\/15559\/revisions"}],"up":[{"embeddable":true,"href":"https:\/\/www1.specialolympicsontario.com\/resources\/fr\/wp-json\/wp\/v2\/pages\/15537"}],"wp:attachment":[{"href":"https:\/\/www1.specialolympicsontario.com\/resources\/fr\/wp-json\/wp\/v2\/media?parent=15559"}],"curies":[{"name":"wp","href":"https:\/\/api.w.org\/{rel}","templated":true}]}}