{"id":15554,"date":"2018-10-23T16:27:58","date_gmt":"2018-10-23T20:27:58","guid":{"rendered":"https:\/\/www1.specialolympicsontario.com\/resources\/types_of_competitions\/"},"modified":"2021-01-15T15:43:15","modified_gmt":"2021-01-15T20:43:15","slug":"types_of_competitions","status":"publish","type":"page","link":"https:\/\/www1.specialolympicsontario.com\/resources\/fr\/competitions\/types_of_competitions\/","title":{"rendered":"Types de comp\u00e9titions"},"content":{"rendered":"<div id=\"cs-content\" class=\"cs-content\"><\/div>\n","protected":false},"excerpt":{"rendered":"<p>Types de comp&eacute;tition Comp\u00e9tition virtuelle Comp\u00e9tition virtuelle Inspir\u00e9s par l&#8217;initiative scolaire, les clubs du district, de la conf\u00e9rence ou de la province sont invit\u00e9s \u00e0 soumettre les r\u00e9sultats d&#8217;une comp\u00e9tition simul\u00e9e lors d&#8217;une session de formation. Ces r\u00e9sultats sont mis en commun avec d&#8217;autres et divis\u00e9s comme une comp\u00e9tition, avec distribution de prix. READ MORE Qualification provinciale (QP) Qualification provinciale &#8230; <\/p>\n<div><a href=\"https:\/\/www1.specialolympicsontario.com\/resources\/fr\/competitions\/types_of_competitions\/\" class=\"more-link\">Read More<\/a><\/div>\n","protected":false},"author":14,"featured_media":0,"parent":16328,"menu_order":0,"comment_status":"closed","ping_status":"closed","template":"template-blank-4.php","meta":{"_acf_changed":false,"footnotes":""},"class_list":["post-15554","page","type-page","status-publish","hentry","no-post-thumbnail"],"acf":[],"_links":{"self":[{"href":"https:\/\/www1.specialolympicsontario.com\/resources\/fr\/wp-json\/wp\/v2\/pages\/15554","targetHints":{"allow":["GET"]}}],"collection":[{"href":"https:\/\/www1.specialolympicsontario.com\/resources\/fr\/wp-json\/wp\/v2\/pages"}],"about":[{"href":"https:\/\/www1.specialolympicsontario.com\/resources\/fr\/wp-json\/wp\/v2\/types\/page"}],"author":[{"embeddable":true,"href":"https:\/\/www1.specialolympicsontario.com\/resources\/fr\/wp-json\/wp\/v2\/users\/14"}],"replies":[{"embeddable":true,"href":"https:\/\/www1.specialolympicsontario.com\/resources\/fr\/wp-json\/wp\/v2\/comments?post=15554"}],"version-history":[{"count":0,"href":"https:\/\/www1.specialolympicsontario.com\/resources\/fr\/wp-json\/wp\/v2\/pages\/15554\/revisions"}],"up":[{"embeddable":true,"href":"https:\/\/www1.specialolympicsontario.com\/resources\/fr\/wp-json\/wp\/v2\/pages\/16328"}],"wp:attachment":[{"href":"https:\/\/www1.specialolympicsontario.com\/resources\/fr\/wp-json\/wp\/v2\/media?parent=15554"}],"curies":[{"name":"wp","href":"https:\/\/api.w.org\/{rel}","templated":true}]}}