{"id":15549,"date":"2018-10-24T20:42:24","date_gmt":"2018-10-24T20:42:24","guid":{"rendered":"https:\/\/www1.specialolympicsontario.com\/resources\/volunteers\/volunteeropportunities\/"},"modified":"2020-11-17T12:07:52","modified_gmt":"2020-11-17T17:07:52","slug":"volunteeropportunities","status":"publish","type":"page","link":"https:\/\/www1.specialolympicsontario.com\/resources\/fr\/volunteers\/volunteeropportunities\/","title":{"rendered":"Volunteer Opportunities"},"content":{"rendered":"<div id=\"cs-content\" class=\"cs-content\"><\/div>\n","protected":false},"excerpt":{"rendered":"<p>Opportunit&eacute;s de b&eacute;n&eacute;volat Le b\u00e9n\u00e9volat pour les Jeux Le b\u00e9n\u00e9volat pour les Jeux Les b\u00e9n\u00e9voles jouent un r\u00f4le cl\u00e9 pour assurer le succ\u00e8s des Jeux pour les \u00e9quipes de district et de province. Le responsable de l&#8217;\u00e9quipe de district et le responsable de la liaison avec l&#8217;\u00e9quipe provinciale sont des liens essentiels entre le personnel d&#8217;Olympiques sp\u00e9ciaux Ontario et le &#8230; <\/p>\n<div><a href=\"https:\/\/www1.specialolympicsontario.com\/resources\/fr\/volunteers\/volunteeropportunities\/\" class=\"more-link\">Read More<\/a><\/div>\n","protected":false},"author":14,"featured_media":0,"parent":15537,"menu_order":0,"comment_status":"closed","ping_status":"closed","template":"template-blank-4.php","meta":{"_acf_changed":false,"footnotes":""},"class_list":["post-15549","page","type-page","status-publish","hentry","no-post-thumbnail"],"acf":[],"_links":{"self":[{"href":"https:\/\/www1.specialolympicsontario.com\/resources\/fr\/wp-json\/wp\/v2\/pages\/15549","targetHints":{"allow":["GET"]}}],"collection":[{"href":"https:\/\/www1.specialolympicsontario.com\/resources\/fr\/wp-json\/wp\/v2\/pages"}],"about":[{"href":"https:\/\/www1.specialolympicsontario.com\/resources\/fr\/wp-json\/wp\/v2\/types\/page"}],"author":[{"embeddable":true,"href":"https:\/\/www1.specialolympicsontario.com\/resources\/fr\/wp-json\/wp\/v2\/users\/14"}],"replies":[{"embeddable":true,"href":"https:\/\/www1.specialolympicsontario.com\/resources\/fr\/wp-json\/wp\/v2\/comments?post=15549"}],"version-history":[{"count":0,"href":"https:\/\/www1.specialolympicsontario.com\/resources\/fr\/wp-json\/wp\/v2\/pages\/15549\/revisions"}],"up":[{"embeddable":true,"href":"https:\/\/www1.specialolympicsontario.com\/resources\/fr\/wp-json\/wp\/v2\/pages\/15537"}],"wp:attachment":[{"href":"https:\/\/www1.specialolympicsontario.com\/resources\/fr\/wp-json\/wp\/v2\/media?parent=15549"}],"curies":[{"name":"wp","href":"https:\/\/api.w.org\/{rel}","templated":true}]}}