{"id":15540,"date":"2019-01-09T17:29:04","date_gmt":"2019-01-09T17:29:04","guid":{"rendered":"https:\/\/www1.specialolympicsontario.com\/resources\/volunteerpositions\/"},"modified":"2020-11-17T17:19:02","modified_gmt":"2020-11-17T22:19:02","slug":"volunteerpositions","status":"publish","type":"page","link":"https:\/\/www1.specialolympicsontario.com\/resources\/fr\/volunteers\/coaching_roles\/volunteerpositions\/","title":{"rendered":"Volunteer Positions"},"content":{"rendered":"<div id=\"cs-content\" class=\"cs-content\"><\/div>\n","protected":false},"excerpt":{"rendered":"<p>Postes de b&eacute;n&eacute;voles Chef d&#8217;\u00e9quipe du district &#8211; Description du poste Chef d&#8217;\u00e9quipe du district &#8211; Description du poste Objectif: Veiller \u00e0 ce que les membres de l&#8217;\u00e9quipe de district vivent une exp\u00e9rience r\u00e9ussie et satisfaisante aux Jeux provinciaux. Qualifications et comp\u00e9tences minimales requises : Le chef d&#8217;\u00e9quipe de district doit poss\u00e9der les qualit\u00e9s suivantes : des capacit\u00e9s de leadership &#8230; <\/p>\n<div><a href=\"https:\/\/www1.specialolympicsontario.com\/resources\/fr\/volunteers\/coaching_roles\/volunteerpositions\/\" class=\"more-link\">Read More<\/a><\/div>\n","protected":false},"author":14,"featured_media":0,"parent":20483,"menu_order":0,"comment_status":"closed","ping_status":"closed","template":"template-blank-4.php","meta":{"_acf_changed":false,"footnotes":""},"class_list":["post-15540","page","type-page","status-publish","hentry","no-post-thumbnail"],"acf":[],"_links":{"self":[{"href":"https:\/\/www1.specialolympicsontario.com\/resources\/fr\/wp-json\/wp\/v2\/pages\/15540","targetHints":{"allow":["GET"]}}],"collection":[{"href":"https:\/\/www1.specialolympicsontario.com\/resources\/fr\/wp-json\/wp\/v2\/pages"}],"about":[{"href":"https:\/\/www1.specialolympicsontario.com\/resources\/fr\/wp-json\/wp\/v2\/types\/page"}],"author":[{"embeddable":true,"href":"https:\/\/www1.specialolympicsontario.com\/resources\/fr\/wp-json\/wp\/v2\/users\/14"}],"replies":[{"embeddable":true,"href":"https:\/\/www1.specialolympicsontario.com\/resources\/fr\/wp-json\/wp\/v2\/comments?post=15540"}],"version-history":[{"count":0,"href":"https:\/\/www1.specialolympicsontario.com\/resources\/fr\/wp-json\/wp\/v2\/pages\/15540\/revisions"}],"up":[{"embeddable":true,"href":"https:\/\/www1.specialolympicsontario.com\/resources\/fr\/wp-json\/wp\/v2\/pages\/20483"}],"wp:attachment":[{"href":"https:\/\/www1.specialolympicsontario.com\/resources\/fr\/wp-json\/wp\/v2\/media?parent=15540"}],"curies":[{"name":"wp","href":"https:\/\/api.w.org\/{rel}","templated":true}]}}