{"id":55873,"date":"2021-08-06T10:08:27","date_gmt":"2021-08-06T14:08:27","guid":{"rendered":"https:\/\/www1.specialolympicsontario.com\/more-ways-to-give\/"},"modified":"2023-01-27T10:42:15","modified_gmt":"2023-01-27T15:42:15","slug":"more-ways-to-give-2","status":"publish","type":"page","link":"https:\/\/www1.specialolympicsontario.com\/fr\/more-ways-to-give-2\/","title":{"rendered":"More Ways to Give"},"content":{"rendered":"<div id=\"cs-content\" class=\"cs-content\"><\/div>\n","protected":false},"excerpt":{"rendered":"<p>D&#8217;autres fa\u00e7ons de donnerPRESQUE TOUS LES JOURS, DANS LES COMMUNAUT\u00c9S DE LA PROVINCE, LES OLYMPIQUES SP\u00c9CIAUX ONTARIO OFFRENT AUX PERSONNES AYANT UNE D\u00c9FICIENCE INTELLECTUELLE LA POSSIBILIT\u00c9 DE R\u00c9ALISER LEUR PLEIN POTENTIEL GR\u00c2CE AU SPORT.Chaque don aux Olympiques sp\u00e9ciaux cr\u00e9e un nouveau h\u00e9ros qui inspire l&#8217;espoir aux autres. Votre don peut aider \u00e0 faire en sorte que cela se produise dans &#8230; <\/p>\n<div><a href=\"https:\/\/www1.specialolympicsontario.com\/fr\/more-ways-to-give-2\/\" class=\"more-link\">Read More<\/a><\/div>\n","protected":false},"author":183,"featured_media":0,"parent":0,"menu_order":0,"comment_status":"closed","ping_status":"closed","template":"","meta":{"_acf_changed":false,"footnotes":""},"class_list":["post-55873","page","type-page","status-publish","hentry","no-post-thumbnail"],"acf":[],"_links":{"self":[{"href":"https:\/\/www1.specialolympicsontario.com\/fr\/wp-json\/wp\/v2\/pages\/55873","targetHints":{"allow":["GET"]}}],"collection":[{"href":"https:\/\/www1.specialolympicsontario.com\/fr\/wp-json\/wp\/v2\/pages"}],"about":[{"href":"https:\/\/www1.specialolympicsontario.com\/fr\/wp-json\/wp\/v2\/types\/page"}],"author":[{"embeddable":true,"href":"https:\/\/www1.specialolympicsontario.com\/fr\/wp-json\/wp\/v2\/users\/183"}],"replies":[{"embeddable":true,"href":"https:\/\/www1.specialolympicsontario.com\/fr\/wp-json\/wp\/v2\/comments?post=55873"}],"version-history":[{"count":0,"href":"https:\/\/www1.specialolympicsontario.com\/fr\/wp-json\/wp\/v2\/pages\/55873\/revisions"}],"wp:attachment":[{"href":"https:\/\/www1.specialolympicsontario.com\/fr\/wp-json\/wp\/v2\/media?parent=55873"}],"curies":[{"name":"wp","href":"https:\/\/api.w.org\/{rel}","templated":true}]}}