{"id":55599,"date":"2016-09-12T10:30:34","date_gmt":"2016-09-12T14:30:34","guid":{"rendered":"https:\/\/www1.specialolympicsontario.com\/our-mission\/"},"modified":"2021-09-30T14:11:50","modified_gmt":"2021-09-30T18:11:50","slug":"our-mission","status":"publish","type":"page","link":"https:\/\/www1.specialolympicsontario.com\/fr\/our-mission\/","title":{"rendered":"Mission"},"content":{"rendered":"<div id=\"cs-content\" class=\"cs-content\"><\/div>\n","protected":false},"excerpt":{"rendered":"<p>Notre missionLes Olympiques sp\u00e9ciaux de l&#8217;Ontario ont pour mission d&#8217;enrichir la vie des Ontariens ayant une d\u00e9ficience intellectuelle gr\u00e2ce au sport. Depuis plus de 50 ans, les Olympiques sp\u00e9ciaux, qui \u00e9taient \u00e0 l&#8217;origine un programme modeste au service d&#8217;athl\u00e8tes locaux, sont devenus le plus grand mouvement au monde consacr\u00e9 \u00e0 la promotion du respect, de l&#8217;acceptation, de l&#8217;inclusion et de &#8230; <\/p>\n<div><a href=\"https:\/\/www1.specialolympicsontario.com\/fr\/our-mission\/\" class=\"more-link\">Read More<\/a><\/div>\n","protected":false},"author":1,"featured_media":0,"parent":0,"menu_order":0,"comment_status":"closed","ping_status":"closed","template":"","meta":{"_acf_changed":false,"footnotes":""},"class_list":["post-55599","page","type-page","status-publish","hentry","no-post-thumbnail"],"acf":[],"_links":{"self":[{"href":"https:\/\/www1.specialolympicsontario.com\/fr\/wp-json\/wp\/v2\/pages\/55599","targetHints":{"allow":["GET"]}}],"collection":[{"href":"https:\/\/www1.specialolympicsontario.com\/fr\/wp-json\/wp\/v2\/pages"}],"about":[{"href":"https:\/\/www1.specialolympicsontario.com\/fr\/wp-json\/wp\/v2\/types\/page"}],"author":[{"embeddable":true,"href":"https:\/\/www1.specialolympicsontario.com\/fr\/wp-json\/wp\/v2\/users\/1"}],"replies":[{"embeddable":true,"href":"https:\/\/www1.specialolympicsontario.com\/fr\/wp-json\/wp\/v2\/comments?post=55599"}],"version-history":[{"count":0,"href":"https:\/\/www1.specialolympicsontario.com\/fr\/wp-json\/wp\/v2\/pages\/55599\/revisions"}],"wp:attachment":[{"href":"https:\/\/www1.specialolympicsontario.com\/fr\/wp-json\/wp\/v2\/media?parent=55599"}],"curies":[{"name":"wp","href":"https:\/\/api.w.org\/{rel}","templated":true}]}}