{"id":55593,"date":"2020-06-18T16:45:13","date_gmt":"2020-06-18T20:45:13","guid":{"rendered":"https:\/\/www1.specialolympicsontario.com\/blm\/"},"modified":"2021-09-30T14:18:41","modified_gmt":"2021-09-30T18:18:41","slug":"blm","status":"publish","type":"page","link":"https:\/\/www1.specialolympicsontario.com\/fr\/blm\/","title":{"rendered":"BLM"},"content":{"rendered":"<div id=\"cs-content\" class=\"cs-content\"><\/div>\n","protected":false},"excerpt":{"rendered":"<p>&laquo; Chaque jour, faites quelque chose qui vous rapprochera d&#8217;un meilleur lendemain &raquo;Les temps r\u00e9cents ont cr\u00e9\u00e9 un malaise et une d\u00e9connexion comme nous n&#8217;en avions jamais vus. Tout ce \u00e0 quoi nous avons \u00e9t\u00e9 confront\u00e9s est nouveau pour nous tous. En tant qu&#8217;organisation, vous avez tous \u00e9t\u00e9 formidables. Mon message aujourd&#8217;hui ne concerne pas COVID ou son effet sur &#8230; <\/p>\n<div><a href=\"https:\/\/www1.specialolympicsontario.com\/fr\/blm\/\" class=\"more-link\">Read More<\/a><\/div>\n","protected":false},"author":183,"featured_media":0,"parent":0,"menu_order":0,"comment_status":"closed","ping_status":"closed","template":"","meta":{"_acf_changed":false,"footnotes":""},"class_list":["post-55593","page","type-page","status-publish","hentry","no-post-thumbnail"],"acf":[],"_links":{"self":[{"href":"https:\/\/www1.specialolympicsontario.com\/fr\/wp-json\/wp\/v2\/pages\/55593","targetHints":{"allow":["GET"]}}],"collection":[{"href":"https:\/\/www1.specialolympicsontario.com\/fr\/wp-json\/wp\/v2\/pages"}],"about":[{"href":"https:\/\/www1.specialolympicsontario.com\/fr\/wp-json\/wp\/v2\/types\/page"}],"author":[{"embeddable":true,"href":"https:\/\/www1.specialolympicsontario.com\/fr\/wp-json\/wp\/v2\/users\/183"}],"replies":[{"embeddable":true,"href":"https:\/\/www1.specialolympicsontario.com\/fr\/wp-json\/wp\/v2\/comments?post=55593"}],"version-history":[{"count":0,"href":"https:\/\/www1.specialolympicsontario.com\/fr\/wp-json\/wp\/v2\/pages\/55593\/revisions"}],"wp:attachment":[{"href":"https:\/\/www1.specialolympicsontario.com\/fr\/wp-json\/wp\/v2\/media?parent=55593"}],"curies":[{"name":"wp","href":"https:\/\/api.w.org\/{rel}","templated":true}]}}