{"id":1641,"date":"2017-08-13T15:56:26","date_gmt":"2017-08-13T19:56:26","guid":{"rendered":"https:\/\/www1.specialolympicsontario.com\/alps\/about\/"},"modified":"2021-07-08T13:55:01","modified_gmt":"2021-07-08T17:55:01","slug":"about","status":"publish","type":"page","link":"https:\/\/www1.specialolympicsontario.com\/alps\/about\/?lang=fr","title":{"rendered":"Qu&#8217;est-ce que le PLA ?"},"content":{"rendered":"<div id=\"cs-content\" class=\"cs-content\"><\/div>\n","protected":false},"excerpt":{"rendered":"<p>Qu&#8217;est-ce que le programme de leadership des athl&egrave;tes (PLA) ?Le programme de leadership des athl\u00e8tes (PLA) est un atelier \u00e9ducatif offert aux athl\u00e8tes d&#8217;Olympiques sp\u00e9ciaux. Le programme PLA fournit aux athl\u00e8tes les outils n\u00e9cessaires pour occuper des postes de direction au sein de leur communaut\u00e9 et du mouvement des Olympiques sp\u00e9ciaux en g\u00e9n\u00e9ral. Ces ateliers permettent aux athl\u00e8tes d&#8217;explorer des &#8230; <\/p>\n<div><a href=\"https:\/\/www1.specialolympicsontario.com\/alps\/about\/?lang=fr\" class=\"more-link\">Read More<\/a><\/div>\n","protected":false},"author":19,"featured_media":0,"parent":0,"menu_order":0,"comment_status":"closed","ping_status":"closed","template":"template-blank-4.php","meta":{"_acf_changed":false,"footnotes":""},"class_list":["post-1641","page","type-page","status-publish","hentry","no-post-thumbnail"],"acf":[],"_links":{"self":[{"href":"https:\/\/www1.specialolympicsontario.com\/alps\/wp-json\/wp\/v2\/pages\/1641","targetHints":{"allow":["GET"]}}],"collection":[{"href":"https:\/\/www1.specialolympicsontario.com\/alps\/wp-json\/wp\/v2\/pages"}],"about":[{"href":"https:\/\/www1.specialolympicsontario.com\/alps\/wp-json\/wp\/v2\/types\/page"}],"author":[{"embeddable":true,"href":"https:\/\/www1.specialolympicsontario.com\/alps\/wp-json\/wp\/v2\/users\/19"}],"replies":[{"embeddable":true,"href":"https:\/\/www1.specialolympicsontario.com\/alps\/wp-json\/wp\/v2\/comments?post=1641"}],"version-history":[{"count":0,"href":"https:\/\/www1.specialolympicsontario.com\/alps\/wp-json\/wp\/v2\/pages\/1641\/revisions"}],"wp:attachment":[{"href":"https:\/\/www1.specialolympicsontario.com\/alps\/wp-json\/wp\/v2\/media?parent=1641"}],"curies":[{"name":"wp","href":"https:\/\/api.w.org\/{rel}","templated":true}]}}